{"id":2617,"date":"2025-11-21T08:22:23","date_gmt":"2025-11-21T08:22:23","guid":{"rendered":"https:\/\/ozkurtmobilya.com\/?post_type=product&#038;p=2617"},"modified":"2025-11-21T08:22:23","modified_gmt":"2025-11-21T08:22:23","slug":"afsin-yemek-odasi-takimi","status":"publish","type":"product","link":"https:\/\/ozkurtmobilya.com\/?product=afsin-yemek-odasi-takimi","title":{"rendered":"Afsin Yemek Odas\u0131 Tak\u0131m\u0131"},"content":{"rendered":"<p>Konsol : G: 180 D: 44 Y: 77 Masa : G: 140 + 35 D: 90 Y: 74 Tv \u00dcnitesi : G: 180 D: 44 Y: 60<\/p>\n","protected":false},"excerpt":{"rendered":"<p>Geni\u015f masalar, konforlu sandalyeler, \u00f6zel detaylar.<\/p>\n","protected":false},"featured_media":2618,"comment_status":"open","ping_status":"closed","template":"","meta":{"_uag_custom_page_level_css":""},"product_brand":[],"product_cat":[41],"product_tag":[],"class_list":{"0":"post-2617","1":"product","2":"type-product","3":"status-publish","4":"has-post-thumbnail","6":"product_cat-yemek-odasi-takimlari","8":"first","9":"instock","10":"taxable","11":"shipping-taxable","12":"purchasable","13":"product-type-simple"},"uagb_featured_image_src":{"full":["https:\/\/ozkurtmobilya.com\/wp-content\/uploads\/2025\/11\/Ekran-goruntusu-2025-11-21-112055.png",887,711,false],"thumbnail":["https:\/\/ozkurtmobilya.com\/wp-content\/uploads\/2025\/11\/Ekran-goruntusu-2025-11-21-112055-150x150.png",150,150,true],"medium":["https:\/\/ozkurtmobilya.com\/wp-content\/uploads\/2025\/11\/Ekran-goruntusu-2025-11-21-112055-300x240.png",300,240,true],"medium_large":["https:\/\/ozkurtmobilya.com\/wp-content\/uploads\/2025\/11\/Ekran-goruntusu-2025-11-21-112055-768x616.png",768,616,true],"large":["https:\/\/ozkurtmobilya.com\/wp-content\/uploads\/2025\/11\/Ekran-goruntusu-2025-11-21-112055.png",887,711,false],"1536x1536":["https:\/\/ozkurtmobilya.com\/wp-content\/uploads\/2025\/11\/Ekran-goruntusu-2025-11-21-112055.png",887,711,false],"2048x2048":["https:\/\/ozkurtmobilya.com\/wp-content\/uploads\/2025\/11\/Ekran-goruntusu-2025-11-21-112055.png",887,711,false],"woocommerce_thumbnail":["https:\/\/ozkurtmobilya.com\/wp-content\/uploads\/2025\/11\/Ekran-goruntusu-2025-11-21-112055-600x600.png",600,600,true],"woocommerce_single":["https:\/\/ozkurtmobilya.com\/wp-content\/uploads\/2025\/11\/Ekran-goruntusu-2025-11-21-112055.png",887,711,false],"woocommerce_gallery_thumbnail":["https:\/\/ozkurtmobilya.com\/wp-content\/uploads\/2025\/11\/Ekran-goruntusu-2025-11-21-112055-150x120.png",150,120,true]},"uagb_author_info":{"display_name":"emre ozkurt","author_link":"https:\/\/ozkurtmobilya.com\/?author=0"},"uagb_comment_info":0,"uagb_excerpt":"Geni\u015f masalar, konforlu sandalyeler, \u00f6zel detaylar.","_links":{"self":[{"href":"https:\/\/ozkurtmobilya.com\/index.php?rest_route=\/wp\/v2\/product\/2617","targetHints":{"allow":["GET"]}}],"collection":[{"href":"https:\/\/ozkurtmobilya.com\/index.php?rest_route=\/wp\/v2\/product"}],"about":[{"href":"https:\/\/ozkurtmobilya.com\/index.php?rest_route=\/wp\/v2\/types\/product"}],"replies":[{"embeddable":true,"href":"https:\/\/ozkurtmobilya.com\/index.php?rest_route=%2Fwp%2Fv2%2Fcomments&post=2617"}],"wp:featuredmedia":[{"embeddable":true,"href":"https:\/\/ozkurtmobilya.com\/index.php?rest_route=\/wp\/v2\/media\/2618"}],"wp:attachment":[{"href":"https:\/\/ozkurtmobilya.com\/index.php?rest_route=%2Fwp%2Fv2%2Fmedia&parent=2617"}],"wp:term":[{"taxonomy":"product_brand","embeddable":true,"href":"https:\/\/ozkurtmobilya.com\/index.php?rest_route=%2Fwp%2Fv2%2Fproduct_brand&post=2617"},{"taxonomy":"product_cat","embeddable":true,"href":"https:\/\/ozkurtmobilya.com\/index.php?rest_route=%2Fwp%2Fv2%2Fproduct_cat&post=2617"},{"taxonomy":"product_tag","embeddable":true,"href":"https:\/\/ozkurtmobilya.com\/index.php?rest_route=%2Fwp%2Fv2%2Fproduct_tag&post=2617"}],"curies":[{"name":"wp","href":"https:\/\/api.w.org\/{rel}","templated":true}]}}