{"id":2595,"date":"2025-11-21T08:13:21","date_gmt":"2025-11-21T08:13:21","guid":{"rendered":"https:\/\/ozkurtmobilya.com\/?post_type=product&#038;p=2595"},"modified":"2025-11-21T08:13:21","modified_gmt":"2025-11-21T08:13:21","slug":"garda-yemek-odasi-takimi","status":"publish","type":"product","link":"https:\/\/ozkurtmobilya.com\/?product=garda-yemek-odasi-takimi","title":{"rendered":"Garda Yemek Odas\u0131 Tak\u0131m\u0131"},"content":{"rendered":"<p>Konsol : G: 180 D: 44 Y: 79 Masa : G: 180 D: 90 Y: 74 Tv \u00dcnitesi : G: 180 D: 44 Y: 62<\/p>\n","protected":false},"excerpt":{"rendered":"<p>Yemek odas\u0131 tak\u0131mlar\u0131, modern \u00e7izgiler, fonksiyonel tasar\u0131mlar ve kaliteli malzeme ile evinizin en \u00f6zel alan\u0131n\u0131 ba\u015ftan yarat\u0131yor. Sofralar\u0131n\u0131za konfor, dolaplar\u0131n\u0131za d\u00fczen ve mekan\u0131n\u0131za \u015f\u0131kl\u0131k kat\u0131yor. Geni\u015f model yelpazesi ile hem klasik hem de modern tarzlara uygun se\u00e7enekler sunuyoruz.<\/p>\n","protected":false},"featured_media":2596,"comment_status":"open","ping_status":"closed","template":"","meta":{"_uag_custom_page_level_css":""},"product_brand":[],"product_cat":[41],"product_tag":[],"class_list":{"0":"post-2595","1":"product","2":"type-product","3":"status-publish","4":"has-post-thumbnail","6":"product_cat-yemek-odasi-takimlari","8":"first","9":"instock","10":"taxable","11":"shipping-taxable","12":"purchasable","13":"product-type-simple"},"uagb_featured_image_src":{"full":["https:\/\/ozkurtmobilya.com\/wp-content\/uploads\/2025\/11\/Ekran-goruntusu-2025-11-21-111102.png",887,710,false],"thumbnail":["https:\/\/ozkurtmobilya.com\/wp-content\/uploads\/2025\/11\/Ekran-goruntusu-2025-11-21-111102-150x150.png",150,150,true],"medium":["https:\/\/ozkurtmobilya.com\/wp-content\/uploads\/2025\/11\/Ekran-goruntusu-2025-11-21-111102-300x240.png",300,240,true],"medium_large":["https:\/\/ozkurtmobilya.com\/wp-content\/uploads\/2025\/11\/Ekran-goruntusu-2025-11-21-111102-768x615.png",768,615,true],"large":["https:\/\/ozkurtmobilya.com\/wp-content\/uploads\/2025\/11\/Ekran-goruntusu-2025-11-21-111102.png",887,710,false],"1536x1536":["https:\/\/ozkurtmobilya.com\/wp-content\/uploads\/2025\/11\/Ekran-goruntusu-2025-11-21-111102.png",887,710,false],"2048x2048":["https:\/\/ozkurtmobilya.com\/wp-content\/uploads\/2025\/11\/Ekran-goruntusu-2025-11-21-111102.png",887,710,false],"woocommerce_thumbnail":["https:\/\/ozkurtmobilya.com\/wp-content\/uploads\/2025\/11\/Ekran-goruntusu-2025-11-21-111102-600x600.png",600,600,true],"woocommerce_single":["https:\/\/ozkurtmobilya.com\/wp-content\/uploads\/2025\/11\/Ekran-goruntusu-2025-11-21-111102.png",887,710,false],"woocommerce_gallery_thumbnail":["https:\/\/ozkurtmobilya.com\/wp-content\/uploads\/2025\/11\/Ekran-goruntusu-2025-11-21-111102-150x120.png",150,120,true]},"uagb_author_info":{"display_name":"emre ozkurt","author_link":"https:\/\/ozkurtmobilya.com\/?author=0"},"uagb_comment_info":0,"uagb_excerpt":"Yemek odas\u0131 tak\u0131mlar\u0131, modern \u00e7izgiler, fonksiyonel tasar\u0131mlar ve kaliteli malzeme ile evinizin en \u00f6zel alan\u0131n\u0131 ba\u015ftan yarat\u0131yor. Sofralar\u0131n\u0131za konfor, dolaplar\u0131n\u0131za d\u00fczen ve mekan\u0131n\u0131za \u015f\u0131kl\u0131k kat\u0131yor. Geni\u015f model yelpazesi ile hem klasik hem de modern tarzlara uygun se\u00e7enekler sunuyoruz.","_links":{"self":[{"href":"https:\/\/ozkurtmobilya.com\/index.php?rest_route=\/wp\/v2\/product\/2595","targetHints":{"allow":["GET"]}}],"collection":[{"href":"https:\/\/ozkurtmobilya.com\/index.php?rest_route=\/wp\/v2\/product"}],"about":[{"href":"https:\/\/ozkurtmobilya.com\/index.php?rest_route=\/wp\/v2\/types\/product"}],"replies":[{"embeddable":true,"href":"https:\/\/ozkurtmobilya.com\/index.php?rest_route=%2Fwp%2Fv2%2Fcomments&post=2595"}],"wp:featuredmedia":[{"embeddable":true,"href":"https:\/\/ozkurtmobilya.com\/index.php?rest_route=\/wp\/v2\/media\/2596"}],"wp:attachment":[{"href":"https:\/\/ozkurtmobilya.com\/index.php?rest_route=%2Fwp%2Fv2%2Fmedia&parent=2595"}],"wp:term":[{"taxonomy":"product_brand","embeddable":true,"href":"https:\/\/ozkurtmobilya.com\/index.php?rest_route=%2Fwp%2Fv2%2Fproduct_brand&post=2595"},{"taxonomy":"product_cat","embeddable":true,"href":"https:\/\/ozkurtmobilya.com\/index.php?rest_route=%2Fwp%2Fv2%2Fproduct_cat&post=2595"},{"taxonomy":"product_tag","embeddable":true,"href":"https:\/\/ozkurtmobilya.com\/index.php?rest_route=%2Fwp%2Fv2%2Fproduct_tag&post=2595"}],"curies":[{"name":"wp","href":"https:\/\/api.w.org\/{rel}","templated":true}]}}