{"id":2582,"date":"2025-11-21T08:08:06","date_gmt":"2025-11-21T08:08:06","guid":{"rendered":"https:\/\/ozkurtmobilya.com\/?post_type=product&#038;p=2582"},"modified":"2025-11-21T08:08:06","modified_gmt":"2025-11-21T08:08:06","slug":"borjen-yemek-odasi-takimi","status":"publish","type":"product","link":"https:\/\/ozkurtmobilya.com\/?product=borjen-yemek-odasi-takimi","title":{"rendered":"Borjen Yemek Odas\u0131 Tak\u0131m\u0131"},"content":{"rendered":"<p>Konsol : G: 180 D: 44 Y: 79 Masa : G: 180 D: 90 Y: 74 Tv \u00dcnitesi : G: 180 D: 44 Y: 62<\/p>\n","protected":false},"excerpt":{"rendered":"<p>Her detay\u0131nda kaliteyi ve \u015f\u0131kl\u0131\u011f\u0131 hissettiren yemek odas\u0131 tak\u0131mlar\u0131, evinizde sadece bir yemek alan\u0131 de\u011fil, keyifli bir ya\u015fam alan\u0131 yarat\u0131r. Modern \u00e7izgiler ve sofistike tasar\u0131mlar ile sofralar\u0131n\u0131z art\u0131k daha prestijli.<\/p>\n","protected":false},"featured_media":2583,"comment_status":"open","ping_status":"closed","template":"","meta":{"_uag_custom_page_level_css":""},"product_brand":[],"product_cat":[41],"product_tag":[],"class_list":{"0":"post-2582","1":"product","2":"type-product","3":"status-publish","4":"has-post-thumbnail","6":"product_cat-yemek-odasi-takimlari","8":"first","9":"instock","10":"sale","11":"taxable","12":"shipping-taxable","13":"purchasable","14":"product-type-simple"},"uagb_featured_image_src":{"full":["https:\/\/ozkurtmobilya.com\/wp-content\/uploads\/2025\/11\/Ekran-goruntusu-2025-11-21-110608.png",890,717,false],"thumbnail":["https:\/\/ozkurtmobilya.com\/wp-content\/uploads\/2025\/11\/Ekran-goruntusu-2025-11-21-110608-150x150.png",150,150,true],"medium":["https:\/\/ozkurtmobilya.com\/wp-content\/uploads\/2025\/11\/Ekran-goruntusu-2025-11-21-110608-300x242.png",300,242,true],"medium_large":["https:\/\/ozkurtmobilya.com\/wp-content\/uploads\/2025\/11\/Ekran-goruntusu-2025-11-21-110608-768x619.png",768,619,true],"large":["https:\/\/ozkurtmobilya.com\/wp-content\/uploads\/2025\/11\/Ekran-goruntusu-2025-11-21-110608.png",890,717,false],"1536x1536":["https:\/\/ozkurtmobilya.com\/wp-content\/uploads\/2025\/11\/Ekran-goruntusu-2025-11-21-110608.png",890,717,false],"2048x2048":["https:\/\/ozkurtmobilya.com\/wp-content\/uploads\/2025\/11\/Ekran-goruntusu-2025-11-21-110608.png",890,717,false],"woocommerce_thumbnail":["https:\/\/ozkurtmobilya.com\/wp-content\/uploads\/2025\/11\/Ekran-goruntusu-2025-11-21-110608-600x600.png",600,600,true],"woocommerce_single":["https:\/\/ozkurtmobilya.com\/wp-content\/uploads\/2025\/11\/Ekran-goruntusu-2025-11-21-110608.png",890,717,false],"woocommerce_gallery_thumbnail":["https:\/\/ozkurtmobilya.com\/wp-content\/uploads\/2025\/11\/Ekran-goruntusu-2025-11-21-110608-150x121.png",150,121,true]},"uagb_author_info":{"display_name":"emre ozkurt","author_link":"https:\/\/ozkurtmobilya.com\/?author=0"},"uagb_comment_info":0,"uagb_excerpt":"Her detay\u0131nda kaliteyi ve \u015f\u0131kl\u0131\u011f\u0131 hissettiren yemek odas\u0131 tak\u0131mlar\u0131, evinizde sadece bir yemek alan\u0131 de\u011fil, keyifli bir ya\u015fam alan\u0131 yarat\u0131r. Modern \u00e7izgiler ve sofistike tasar\u0131mlar ile sofralar\u0131n\u0131z art\u0131k daha prestijli.","_links":{"self":[{"href":"https:\/\/ozkurtmobilya.com\/index.php?rest_route=\/wp\/v2\/product\/2582","targetHints":{"allow":["GET"]}}],"collection":[{"href":"https:\/\/ozkurtmobilya.com\/index.php?rest_route=\/wp\/v2\/product"}],"about":[{"href":"https:\/\/ozkurtmobilya.com\/index.php?rest_route=\/wp\/v2\/types\/product"}],"replies":[{"embeddable":true,"href":"https:\/\/ozkurtmobilya.com\/index.php?rest_route=%2Fwp%2Fv2%2Fcomments&post=2582"}],"wp:featuredmedia":[{"embeddable":true,"href":"https:\/\/ozkurtmobilya.com\/index.php?rest_route=\/wp\/v2\/media\/2583"}],"wp:attachment":[{"href":"https:\/\/ozkurtmobilya.com\/index.php?rest_route=%2Fwp%2Fv2%2Fmedia&parent=2582"}],"wp:term":[{"taxonomy":"product_brand","embeddable":true,"href":"https:\/\/ozkurtmobilya.com\/index.php?rest_route=%2Fwp%2Fv2%2Fproduct_brand&post=2582"},{"taxonomy":"product_cat","embeddable":true,"href":"https:\/\/ozkurtmobilya.com\/index.php?rest_route=%2Fwp%2Fv2%2Fproduct_cat&post=2582"},{"taxonomy":"product_tag","embeddable":true,"href":"https:\/\/ozkurtmobilya.com\/index.php?rest_route=%2Fwp%2Fv2%2Fproduct_tag&post=2582"}],"curies":[{"name":"wp","href":"https:\/\/api.w.org\/{rel}","templated":true}]}}