{"id":2540,"date":"2025-11-21T07:48:32","date_gmt":"2025-11-21T07:48:32","guid":{"rendered":"https:\/\/ozkurtmobilya.com\/?post_type=product&#038;p=2540"},"modified":"2025-11-21T07:48:32","modified_gmt":"2025-11-21T07:48:32","slug":"alanya-yatak-odasi-takimi","status":"publish","type":"product","link":"https:\/\/ozkurtmobilya.com\/?product=alanya-yatak-odasi-takimi","title":{"rendered":"Alanya Yatak Odas\u0131 Tak\u0131m\u0131"},"content":{"rendered":"<p>Ba\u015fl\u0131k : G: 172 Y: 130 Dolap : G: 242 D: 57 Y: 218 \u015eifonyer : G: 122 D: 43 Y: 85 Komodin : G: 58 D: 43 Y: 53<\/p>\n","protected":false},"excerpt":{"rendered":"<p>\u201cG\u00fcc\u00fcn\u00fc tasar\u0131mdan alan, g\u00f6z al\u0131c\u0131 ve sofistike yatak odalar\u0131.\u201d<\/p>\n","protected":false},"featured_media":2541,"comment_status":"open","ping_status":"closed","template":"","meta":{"_uag_custom_page_level_css":""},"product_brand":[],"product_cat":[24],"product_tag":[],"class_list":{"0":"post-2540","1":"product","2":"type-product","3":"status-publish","4":"has-post-thumbnail","6":"product_cat-yatak-odasi","8":"first","9":"instock","10":"taxable","11":"shipping-taxable","12":"purchasable","13":"product-type-simple"},"uagb_featured_image_src":{"full":["https:\/\/ozkurtmobilya.com\/wp-content\/uploads\/2025\/11\/Ekran-goruntusu-2025-11-21-104623.png",892,627,false],"thumbnail":["https:\/\/ozkurtmobilya.com\/wp-content\/uploads\/2025\/11\/Ekran-goruntusu-2025-11-21-104623-150x150.png",150,150,true],"medium":["https:\/\/ozkurtmobilya.com\/wp-content\/uploads\/2025\/11\/Ekran-goruntusu-2025-11-21-104623-300x211.png",300,211,true],"medium_large":["https:\/\/ozkurtmobilya.com\/wp-content\/uploads\/2025\/11\/Ekran-goruntusu-2025-11-21-104623-768x540.png",768,540,true],"large":["https:\/\/ozkurtmobilya.com\/wp-content\/uploads\/2025\/11\/Ekran-goruntusu-2025-11-21-104623.png",892,627,false],"1536x1536":["https:\/\/ozkurtmobilya.com\/wp-content\/uploads\/2025\/11\/Ekran-goruntusu-2025-11-21-104623.png",892,627,false],"2048x2048":["https:\/\/ozkurtmobilya.com\/wp-content\/uploads\/2025\/11\/Ekran-goruntusu-2025-11-21-104623.png",892,627,false],"woocommerce_thumbnail":["https:\/\/ozkurtmobilya.com\/wp-content\/uploads\/2025\/11\/Ekran-goruntusu-2025-11-21-104623-600x600.png",600,600,true],"woocommerce_single":["https:\/\/ozkurtmobilya.com\/wp-content\/uploads\/2025\/11\/Ekran-goruntusu-2025-11-21-104623.png",892,627,false],"woocommerce_gallery_thumbnail":["https:\/\/ozkurtmobilya.com\/wp-content\/uploads\/2025\/11\/Ekran-goruntusu-2025-11-21-104623-150x105.png",150,105,true]},"uagb_author_info":{"display_name":"emre ozkurt","author_link":"https:\/\/ozkurtmobilya.com\/?author=0"},"uagb_comment_info":0,"uagb_excerpt":"\u201cG\u00fcc\u00fcn\u00fc tasar\u0131mdan alan, g\u00f6z al\u0131c\u0131 ve sofistike yatak odalar\u0131.\u201d","_links":{"self":[{"href":"https:\/\/ozkurtmobilya.com\/index.php?rest_route=\/wp\/v2\/product\/2540","targetHints":{"allow":["GET"]}}],"collection":[{"href":"https:\/\/ozkurtmobilya.com\/index.php?rest_route=\/wp\/v2\/product"}],"about":[{"href":"https:\/\/ozkurtmobilya.com\/index.php?rest_route=\/wp\/v2\/types\/product"}],"replies":[{"embeddable":true,"href":"https:\/\/ozkurtmobilya.com\/index.php?rest_route=%2Fwp%2Fv2%2Fcomments&post=2540"}],"wp:featuredmedia":[{"embeddable":true,"href":"https:\/\/ozkurtmobilya.com\/index.php?rest_route=\/wp\/v2\/media\/2541"}],"wp:attachment":[{"href":"https:\/\/ozkurtmobilya.com\/index.php?rest_route=%2Fwp%2Fv2%2Fmedia&parent=2540"}],"wp:term":[{"taxonomy":"product_brand","embeddable":true,"href":"https:\/\/ozkurtmobilya.com\/index.php?rest_route=%2Fwp%2Fv2%2Fproduct_brand&post=2540"},{"taxonomy":"product_cat","embeddable":true,"href":"https:\/\/ozkurtmobilya.com\/index.php?rest_route=%2Fwp%2Fv2%2Fproduct_cat&post=2540"},{"taxonomy":"product_tag","embeddable":true,"href":"https:\/\/ozkurtmobilya.com\/index.php?rest_route=%2Fwp%2Fv2%2Fproduct_tag&post=2540"}],"curies":[{"name":"wp","href":"https:\/\/api.w.org\/{rel}","templated":true}]}}