{"id":2365,"date":"2025-11-14T13:16:36","date_gmt":"2025-11-14T13:16:36","guid":{"rendered":"https:\/\/ozkurtmobilya.com\/?post_type=product&#038;p=2365"},"modified":"2025-11-14T13:16:36","modified_gmt":"2025-11-14T13:16:36","slug":"como-yemek-odasi-takimi","status":"publish","type":"product","link":"https:\/\/ozkurtmobilya.com\/?product=como-yemek-odasi-takimi","title":{"rendered":"Como Yemek Odas\u0131 Tak\u0131m\u0131"},"content":{"rendered":"<ul>\n<li><a class=\"product-group-products__name col-12 text-start h3 group-product-name ng-binding\" href=\"https:\/\/serhat.com.tr\/search-result\/como-konsol-50cmo320stts3\">Como Konsol<\/a><\/li>\n<li>\n<div class=\"ng-scope\">\n<div class=\"product-group-products__option-item d-flex col-12 justify-content-start gap-1 mb-2\"><span class=\"product-group-products__option-name fw-bold fs-small ng-binding\">Geni\u015flik (mm):<\/span><span class=\"product-group-products__option-value fs-small ng-binding\">212<\/span><\/div>\n<\/div>\n<div class=\"ng-scope\">\n<div class=\"product-group-products__option-item d-flex col-12 justify-content-start gap-1 mb-2\"><span class=\"product-group-products__option-name fw-bold fs-small ng-binding\">Derinlik (mm):<\/span><span class=\"product-group-products__option-value fs-small ng-binding\">46<\/span><\/div>\n<\/div>\n<div class=\"ng-scope\">\n<div class=\"product-group-products__option-item d-flex col-12 justify-content-start gap-1 mb-2\"><span class=\"product-group-products__option-name fw-bold fs-small ng-binding\">Y\u00fckseklik (mm):<\/span><span class=\"product-group-products__option-value fs-small ng-binding\">84<\/span><\/div>\n<\/div>\n<div class=\"ng-scope\">\n<div class=\"product-group-products__option-item d-flex col-12 justify-content-start gap-1 mb-2\"><span class=\"product-group-products__option-name fw-bold fs-small ng-binding\">Ayak \/ Baza Y\u00fckseklik (mm):<\/span><span class=\"product-group-products__option-value fs-small ng-binding\">20<\/span><\/div>\n<\/div>\n<div><\/div>\n<\/li>\n<li><a class=\"product-group-products__name col-12 text-start h3 group-product-name ng-binding\" href=\"https:\/\/serhat.com.tr\/search-result\/como-konsol-aynaligi-50cmo330stts4\">Como Konsol Aynal\u0131\u011f\u0131<\/a><\/li>\n<li><a class=\"product-group-products__name col-12 text-start h3 group-product-name ng-binding\" href=\"https:\/\/serhat.com.tr\/search-result\/como-sandalye---8115-50san8115stts4\">Como Sandalye<\/a> (4 Sandalye)<\/li>\n<li><a class=\"product-group-products__name col-12 text-start h3 group-product-name ng-binding\" href=\"https:\/\/serhat.com.tr\/search-result\/como-yemek-masasi-50cmo340stts2\">Como Yemek Masas\u0131 (Sabit)<\/a><\/li>\n<li>\n<div class=\"ng-scope\">\n<div class=\"product-group-products__option-item d-flex col-12 justify-content-start gap-1 mb-2\"><span class=\"product-group-products__option-name fw-bold fs-small ng-binding\">Geni\u015flik (mm):<\/span><span class=\"product-group-products__option-value fs-small ng-binding\">190<\/span><\/div>\n<\/div>\n<div class=\"ng-scope\">\n<div class=\"product-group-products__option-item d-flex col-12 justify-content-start gap-1 mb-2\"><span class=\"product-group-products__option-name fw-bold fs-small ng-binding\">Derinlik (mm):<\/span><span class=\"product-group-products__option-value fs-small ng-binding\">92<\/span><\/div>\n<\/div>\n<div class=\"ng-scope\">\n<div class=\"product-group-products__option-item d-flex col-12 justify-content-start gap-1 mb-2\"><span class=\"product-group-products__option-name fw-bold fs-small ng-binding\">Y\u00fckseklik (mm):<\/span><span class=\"product-group-products__option-value fs-small ng-binding\">77<\/span><\/div>\n<\/div>\n<\/li>\n<\/ul>\n","protected":false},"excerpt":{"rendered":"<p>Como Konsol Geni\u015flik (mm):212 Derinlik (mm):46 Y\u00fckseklik (mm):84 Ayak \/ Baza Y\u00fckseklik (mm):20 Como Konsol Aynal\u0131\u011f\u0131 Como Sandalye (4 Sandalye)<\/p>\n","protected":false},"featured_media":2366,"comment_status":"open","ping_status":"closed","template":"","meta":{"_uag_custom_page_level_css":""},"product_brand":[],"product_cat":[41],"product_tag":[],"class_list":{"0":"post-2365","1":"product","2":"type-product","3":"status-publish","4":"has-post-thumbnail","6":"product_cat-yemek-odasi-takimlari","8":"first","9":"instock","10":"taxable","11":"shipping-taxable","12":"purchasable","13":"product-type-simple"},"uagb_featured_image_src":{"full":["https:\/\/ozkurtmobilya.com\/wp-content\/uploads\/2025\/11\/60cmo30stts-1-min.webp",1154,782,false],"thumbnail":["https:\/\/ozkurtmobilya.com\/wp-content\/uploads\/2025\/11\/60cmo30stts-1-min-150x150.webp",150,150,true],"medium":["https:\/\/ozkurtmobilya.com\/wp-content\/uploads\/2025\/11\/60cmo30stts-1-min-300x203.webp",300,203,true],"medium_large":["https:\/\/ozkurtmobilya.com\/wp-content\/uploads\/2025\/11\/60cmo30stts-1-min-768x520.webp",768,520,true],"large":["https:\/\/ozkurtmobilya.com\/wp-content\/uploads\/2025\/11\/60cmo30stts-1-min-1024x694.webp",1024,694,true],"1536x1536":["https:\/\/ozkurtmobilya.com\/wp-content\/uploads\/2025\/11\/60cmo30stts-1-min.webp",1154,782,false],"2048x2048":["https:\/\/ozkurtmobilya.com\/wp-content\/uploads\/2025\/11\/60cmo30stts-1-min.webp",1154,782,false],"woocommerce_thumbnail":["https:\/\/ozkurtmobilya.com\/wp-content\/uploads\/2025\/11\/60cmo30stts-1-min-600x600.webp",600,600,true],"woocommerce_single":["https:\/\/ozkurtmobilya.com\/wp-content\/uploads\/2025\/11\/60cmo30stts-1-min.webp",1154,782,false],"woocommerce_gallery_thumbnail":["https:\/\/ozkurtmobilya.com\/wp-content\/uploads\/2025\/11\/60cmo30stts-1-min-150x102.webp",150,102,true]},"uagb_author_info":{"display_name":"emre ozkurt","author_link":"https:\/\/ozkurtmobilya.com\/?author=0"},"uagb_comment_info":0,"uagb_excerpt":"Como Konsol Geni\u015flik (mm):212 Derinlik (mm):46 Y\u00fckseklik (mm):84 Ayak \/ Baza Y\u00fckseklik (mm):20 Como Konsol Aynal\u0131\u011f\u0131 Como Sandalye (4 Sandalye)","_links":{"self":[{"href":"https:\/\/ozkurtmobilya.com\/index.php?rest_route=\/wp\/v2\/product\/2365","targetHints":{"allow":["GET"]}}],"collection":[{"href":"https:\/\/ozkurtmobilya.com\/index.php?rest_route=\/wp\/v2\/product"}],"about":[{"href":"https:\/\/ozkurtmobilya.com\/index.php?rest_route=\/wp\/v2\/types\/product"}],"replies":[{"embeddable":true,"href":"https:\/\/ozkurtmobilya.com\/index.php?rest_route=%2Fwp%2Fv2%2Fcomments&post=2365"}],"wp:featuredmedia":[{"embeddable":true,"href":"https:\/\/ozkurtmobilya.com\/index.php?rest_route=\/wp\/v2\/media\/2366"}],"wp:attachment":[{"href":"https:\/\/ozkurtmobilya.com\/index.php?rest_route=%2Fwp%2Fv2%2Fmedia&parent=2365"}],"wp:term":[{"taxonomy":"product_brand","embeddable":true,"href":"https:\/\/ozkurtmobilya.com\/index.php?rest_route=%2Fwp%2Fv2%2Fproduct_brand&post=2365"},{"taxonomy":"product_cat","embeddable":true,"href":"https:\/\/ozkurtmobilya.com\/index.php?rest_route=%2Fwp%2Fv2%2Fproduct_cat&post=2365"},{"taxonomy":"product_tag","embeddable":true,"href":"https:\/\/ozkurtmobilya.com\/index.php?rest_route=%2Fwp%2Fv2%2Fproduct_tag&post=2365"}],"curies":[{"name":"wp","href":"https:\/\/api.w.org\/{rel}","templated":true}]}}