{"id":2338,"date":"2025-11-14T13:07:33","date_gmt":"2025-11-14T13:07:33","guid":{"rendered":"https:\/\/ozkurtmobilya.com\/?post_type=product&#038;p=2338"},"modified":"2025-11-14T13:07:33","modified_gmt":"2025-11-14T13:07:33","slug":"galia-yemek-odasi-takimi","status":"publish","type":"product","link":"https:\/\/ozkurtmobilya.com\/?product=galia-yemek-odasi-takimi","title":{"rendered":"Galia Yemek Odas\u0131 Tak\u0131m\u0131"},"content":{"rendered":"<ul>\n<li><a class=\"product-group-products__name col-12 text-start h3 group-product-name ng-binding\" href=\"https:\/\/serhat.com.tr\/search-result\/galia-konsol\">Galia Konsol<\/a><\/li>\n<li><a class=\"product-group-products__name col-12 text-start h3 group-product-name ng-binding\" href=\"https:\/\/serhat.com.tr\/search-result\/galia-konsol-aynasi\">Galia Konsol Aynas\u0131<\/a><\/li>\n<li><a class=\"product-group-products__name col-12 text-start h3 group-product-name ng-binding\" href=\"https:\/\/serhat.com.tr\/search-result\/galia-yemek-masasi--acilir\">Galia Yemek Masas\u0131 (A\u00e7\u0131l\u0131r)<\/a><\/li>\n<li><a class=\"product-group-products__name col-12 text-start h3 group-product-name ng-binding\" href=\"https:\/\/serhat.com.tr\/search-result\/galia-sandalye--adet\">Galia Sandalye<\/a>(4 Adet)<\/li>\n<\/ul>\n","protected":false},"excerpt":{"rendered":"<p>Galia Konsol Galia Konsol Aynas\u0131 Galia Yemek Masas\u0131 (A\u00e7\u0131l\u0131r) Galia Sandalye(4 Adet)<\/p>\n","protected":false},"featured_media":2339,"comment_status":"open","ping_status":"closed","template":"","meta":{"_uag_custom_page_level_css":""},"product_brand":[],"product_cat":[41],"product_tag":[],"class_list":{"0":"post-2338","1":"product","2":"type-product","3":"status-publish","4":"has-post-thumbnail","6":"product_cat-yemek-odasi-takimlari","8":"first","9":"instock","10":"taxable","11":"shipping-taxable","12":"purchasable","13":"product-type-simple"},"uagb_featured_image_src":{"full":["https:\/\/ozkurtmobilya.com\/wp-content\/uploads\/2025\/11\/artboard-1-copy-min-7.webp",1402,950,false],"thumbnail":["https:\/\/ozkurtmobilya.com\/wp-content\/uploads\/2025\/11\/artboard-1-copy-min-7-150x150.webp",150,150,true],"medium":["https:\/\/ozkurtmobilya.com\/wp-content\/uploads\/2025\/11\/artboard-1-copy-min-7-300x203.webp",300,203,true],"medium_large":["https:\/\/ozkurtmobilya.com\/wp-content\/uploads\/2025\/11\/artboard-1-copy-min-7-768x520.webp",768,520,true],"large":["https:\/\/ozkurtmobilya.com\/wp-content\/uploads\/2025\/11\/artboard-1-copy-min-7-1024x694.webp",1024,694,true],"1536x1536":["https:\/\/ozkurtmobilya.com\/wp-content\/uploads\/2025\/11\/artboard-1-copy-min-7.webp",1402,950,false],"2048x2048":["https:\/\/ozkurtmobilya.com\/wp-content\/uploads\/2025\/11\/artboard-1-copy-min-7.webp",1402,950,false],"woocommerce_thumbnail":["https:\/\/ozkurtmobilya.com\/wp-content\/uploads\/2025\/11\/artboard-1-copy-min-7-600x600.webp",600,600,true],"woocommerce_single":["https:\/\/ozkurtmobilya.com\/wp-content\/uploads\/2025\/11\/artboard-1-copy-min-7-1200x813.webp",1200,813,true],"woocommerce_gallery_thumbnail":["https:\/\/ozkurtmobilya.com\/wp-content\/uploads\/2025\/11\/artboard-1-copy-min-7-150x102.webp",150,102,true]},"uagb_author_info":{"display_name":"emre ozkurt","author_link":"https:\/\/ozkurtmobilya.com\/?author=0"},"uagb_comment_info":0,"uagb_excerpt":"Galia Konsol Galia Konsol Aynas\u0131 Galia Yemek Masas\u0131 (A\u00e7\u0131l\u0131r) Galia Sandalye(4 Adet)","_links":{"self":[{"href":"https:\/\/ozkurtmobilya.com\/index.php?rest_route=\/wp\/v2\/product\/2338","targetHints":{"allow":["GET"]}}],"collection":[{"href":"https:\/\/ozkurtmobilya.com\/index.php?rest_route=\/wp\/v2\/product"}],"about":[{"href":"https:\/\/ozkurtmobilya.com\/index.php?rest_route=\/wp\/v2\/types\/product"}],"replies":[{"embeddable":true,"href":"https:\/\/ozkurtmobilya.com\/index.php?rest_route=%2Fwp%2Fv2%2Fcomments&post=2338"}],"wp:featuredmedia":[{"embeddable":true,"href":"https:\/\/ozkurtmobilya.com\/index.php?rest_route=\/wp\/v2\/media\/2339"}],"wp:attachment":[{"href":"https:\/\/ozkurtmobilya.com\/index.php?rest_route=%2Fwp%2Fv2%2Fmedia&parent=2338"}],"wp:term":[{"taxonomy":"product_brand","embeddable":true,"href":"https:\/\/ozkurtmobilya.com\/index.php?rest_route=%2Fwp%2Fv2%2Fproduct_brand&post=2338"},{"taxonomy":"product_cat","embeddable":true,"href":"https:\/\/ozkurtmobilya.com\/index.php?rest_route=%2Fwp%2Fv2%2Fproduct_cat&post=2338"},{"taxonomy":"product_tag","embeddable":true,"href":"https:\/\/ozkurtmobilya.com\/index.php?rest_route=%2Fwp%2Fv2%2Fproduct_tag&post=2338"}],"curies":[{"name":"wp","href":"https:\/\/api.w.org\/{rel}","templated":true}]}}