{"id":2309,"date":"2025-11-14T12:54:35","date_gmt":"2025-11-14T12:54:35","guid":{"rendered":"https:\/\/ozkurtmobilya.com\/?post_type=product&#038;p=2309"},"modified":"2025-11-14T12:54:35","modified_gmt":"2025-11-14T12:54:35","slug":"hermes-yemek-odasi-takimi","status":"publish","type":"product","link":"https:\/\/ozkurtmobilya.com\/?product=hermes-yemek-odasi-takimi","title":{"rendered":"Hermes Yemek Odas\u0131 Tak\u0131m\u0131"},"content":{"rendered":"<ul>\n<li><a class=\"product-group-products__name col-12 text-start h3 group-product-name ng-binding\" href=\"https:\/\/serhat.com.tr\/search-result\/como-konsol-50cmo320stts22\">Hermes Konsol<\/a><\/li>\n<li>\n<div class=\"ng-scope\">\n<div class=\"product-group-products__option-item d-flex col-12 justify-content-start gap-1 mb-2\"><span class=\"product-group-products__option-name fw-bold fs-small ng-binding\">Ayak \/ Baza Y\u00fckseklik (mm):<\/span><span class=\"product-group-products__option-value fs-small ng-binding\">19<\/span><\/div>\n<\/div>\n<div class=\"ng-scope\">\n<div class=\"product-group-products__option-item d-flex col-12 justify-content-start gap-1 mb-2\"><span class=\"product-group-products__option-name fw-bold fs-small ng-binding\">Derinlik (mm):<\/span><span class=\"product-group-products__option-value fs-small ng-binding\">49<\/span><\/div>\n<\/div>\n<div class=\"ng-scope\">\n<div class=\"product-group-products__option-item d-flex col-12 justify-content-start gap-1 mb-2\"><span class=\"product-group-products__option-name fw-bold fs-small ng-binding\">Geni\u015flik (mm):<\/span><span class=\"product-group-products__option-value fs-small ng-binding\">182<\/span><\/div>\n<\/div>\n<div class=\"ng-scope\">\n<div class=\"product-group-products__option-item d-flex col-12 justify-content-start gap-1 mb-2\"><span class=\"product-group-products__option-name fw-bold fs-small ng-binding\">Y\u00fckseklik (mm):<\/span><span class=\"product-group-products__option-value fs-small ng-binding\">80<\/span><\/div>\n<\/div>\n<div><\/div>\n<\/li>\n<li><a class=\"product-group-products__name col-12 text-start h3 group-product-name ng-binding\" href=\"https:\/\/serhat.com.tr\/search-result\/como-konsol-aynaligi-50cmo330stts22\">Hermes Konsol Aynal\u0131\u011f\u0131<\/a><\/li>\n<li><a class=\"product-group-products__name col-12 text-start h3 group-product-name ng-binding\" href=\"https:\/\/serhat.com.tr\/search-result\/como-sandalye---8115-50san8115stts223\">Hermes Yemek Masas\u0131 (Sabit)<\/a><\/li>\n<li>\n<div class=\"ng-scope\">\n<div class=\"product-group-products__option-item d-flex col-12 justify-content-start gap-1 mb-2\"><span class=\"product-group-products__option-name fw-bold fs-small ng-binding\">Derinlik (mm):<\/span><span class=\"product-group-products__option-value fs-small ng-binding\">96<\/span><\/div>\n<\/div>\n<div class=\"ng-scope\">\n<div class=\"product-group-products__option-item d-flex col-12 justify-content-start gap-1 mb-2\"><span class=\"product-group-products__option-name fw-bold fs-small ng-binding\">Geni\u015flik (mm):<\/span><span class=\"product-group-products__option-value fs-small ng-binding\">180<\/span><\/div>\n<\/div>\n<div class=\"ng-scope\">\n<div class=\"product-group-products__option-item d-flex col-12 justify-content-start gap-1 mb-2\"><span class=\"product-group-products__option-name fw-bold fs-small ng-binding\">Y\u00fckseklik (mm):<\/span><span class=\"product-group-products__option-value fs-small ng-binding\">78<\/span><\/div>\n<\/div>\n<div><\/div>\n<\/li>\n<li><a class=\"product-group-products__name col-12 text-start h3 group-product-name ng-binding\" href=\"https:\/\/serhat.com.tr\/search-result\/como-sandalye---8115-50san8115stts23\">Hermes Sandalye (4 Sandalye)<\/a><\/li>\n<\/ul>\n","protected":false},"excerpt":{"rendered":"<p>Hermes Konsol Ayak \/ Baza Y\u00fckseklik (mm):19 Derinlik (mm):49 Geni\u015flik (mm):182 Y\u00fckseklik (mm):80 Hermes Konsol Aynal\u0131\u011f\u0131 Hermes Yemek Masas\u0131 (Sabit)<\/p>\n","protected":false},"featured_media":2310,"comment_status":"open","ping_status":"closed","template":"","meta":{"_uag_custom_page_level_css":""},"product_brand":[],"product_cat":[41],"product_tag":[],"class_list":{"0":"post-2309","1":"product","2":"type-product","3":"status-publish","4":"has-post-thumbnail","6":"product_cat-yemek-odasi-takimlari","8":"first","9":"instock","10":"sale","11":"taxable","12":"shipping-taxable","13":"purchasable","14":"product-type-simple"},"uagb_featured_image_src":{"full":["https:\/\/ozkurtmobilya.com\/wp-content\/uploads\/2025\/11\/hermes-yemek-u-ru-n-silider-738x500-1402x950-px_03-min-1.png",1402,950,false],"thumbnail":["https:\/\/ozkurtmobilya.com\/wp-content\/uploads\/2025\/11\/hermes-yemek-u-ru-n-silider-738x500-1402x950-px_03-min-1-150x150.png",150,150,true],"medium":["https:\/\/ozkurtmobilya.com\/wp-content\/uploads\/2025\/11\/hermes-yemek-u-ru-n-silider-738x500-1402x950-px_03-min-1-300x203.png",300,203,true],"medium_large":["https:\/\/ozkurtmobilya.com\/wp-content\/uploads\/2025\/11\/hermes-yemek-u-ru-n-silider-738x500-1402x950-px_03-min-1-768x520.png",768,520,true],"large":["https:\/\/ozkurtmobilya.com\/wp-content\/uploads\/2025\/11\/hermes-yemek-u-ru-n-silider-738x500-1402x950-px_03-min-1-1024x694.png",1024,694,true],"1536x1536":["https:\/\/ozkurtmobilya.com\/wp-content\/uploads\/2025\/11\/hermes-yemek-u-ru-n-silider-738x500-1402x950-px_03-min-1.png",1402,950,false],"2048x2048":["https:\/\/ozkurtmobilya.com\/wp-content\/uploads\/2025\/11\/hermes-yemek-u-ru-n-silider-738x500-1402x950-px_03-min-1.png",1402,950,false],"woocommerce_thumbnail":["https:\/\/ozkurtmobilya.com\/wp-content\/uploads\/2025\/11\/hermes-yemek-u-ru-n-silider-738x500-1402x950-px_03-min-1-600x600.png",600,600,true],"woocommerce_single":["https:\/\/ozkurtmobilya.com\/wp-content\/uploads\/2025\/11\/hermes-yemek-u-ru-n-silider-738x500-1402x950-px_03-min-1-1200x813.png",1200,813,true],"woocommerce_gallery_thumbnail":["https:\/\/ozkurtmobilya.com\/wp-content\/uploads\/2025\/11\/hermes-yemek-u-ru-n-silider-738x500-1402x950-px_03-min-1-150x102.png",150,102,true]},"uagb_author_info":{"display_name":"emre ozkurt","author_link":"https:\/\/ozkurtmobilya.com\/?author=0"},"uagb_comment_info":0,"uagb_excerpt":"Hermes Konsol Ayak \/ Baza Y\u00fckseklik (mm):19 Derinlik (mm):49 Geni\u015flik (mm):182 Y\u00fckseklik (mm):80 Hermes Konsol Aynal\u0131\u011f\u0131 Hermes Yemek Masas\u0131 (Sabit)","_links":{"self":[{"href":"https:\/\/ozkurtmobilya.com\/index.php?rest_route=\/wp\/v2\/product\/2309","targetHints":{"allow":["GET"]}}],"collection":[{"href":"https:\/\/ozkurtmobilya.com\/index.php?rest_route=\/wp\/v2\/product"}],"about":[{"href":"https:\/\/ozkurtmobilya.com\/index.php?rest_route=\/wp\/v2\/types\/product"}],"replies":[{"embeddable":true,"href":"https:\/\/ozkurtmobilya.com\/index.php?rest_route=%2Fwp%2Fv2%2Fcomments&post=2309"}],"wp:featuredmedia":[{"embeddable":true,"href":"https:\/\/ozkurtmobilya.com\/index.php?rest_route=\/wp\/v2\/media\/2310"}],"wp:attachment":[{"href":"https:\/\/ozkurtmobilya.com\/index.php?rest_route=%2Fwp%2Fv2%2Fmedia&parent=2309"}],"wp:term":[{"taxonomy":"product_brand","embeddable":true,"href":"https:\/\/ozkurtmobilya.com\/index.php?rest_route=%2Fwp%2Fv2%2Fproduct_brand&post=2309"},{"taxonomy":"product_cat","embeddable":true,"href":"https:\/\/ozkurtmobilya.com\/index.php?rest_route=%2Fwp%2Fv2%2Fproduct_cat&post=2309"},{"taxonomy":"product_tag","embeddable":true,"href":"https:\/\/ozkurtmobilya.com\/index.php?rest_route=%2Fwp%2Fv2%2Fproduct_tag&post=2309"}],"curies":[{"name":"wp","href":"https:\/\/api.w.org\/{rel}","templated":true}]}}