{"id":2306,"date":"2025-11-14T12:51:26","date_gmt":"2025-11-14T12:51:26","guid":{"rendered":"https:\/\/ozkurtmobilya.com\/?post_type=product&#038;p=2306"},"modified":"2025-11-14T12:51:26","modified_gmt":"2025-11-14T12:51:26","slug":"impronta-yemek-odasi-takimi","status":"publish","type":"product","link":"https:\/\/ozkurtmobilya.com\/?product=impronta-yemek-odasi-takimi","title":{"rendered":"\u0130mpronta Yemek Odas\u0131 Tak\u0131m\u0131"},"content":{"rendered":"<ul>\n<li><a class=\"product-group-products__name col-12 text-start h3 group-product-name ng-binding\" href=\"https:\/\/serhat.com.tr\/search-result\/impronta-konsol\">\u0130mpronta Konsol<\/a><\/li>\n<li><a class=\"product-group-products__name col-12 text-start h3 group-product-name ng-binding\" href=\"https:\/\/serhat.com.tr\/search-result\/impronta-konsol-aynaligi\">\u0130mpronta Konsol Aynal\u0131\u011f\u0131<\/a><\/li>\n<li><a class=\"product-group-products__name col-12 text-start h3 group-product-name ng-binding\" href=\"https:\/\/serhat.com.tr\/search-result\/impronta-sandalye\">\u0130mpronta Sandalye<\/a> (4 Sandalye)<\/li>\n<li><a class=\"product-group-products__name col-12 text-start h3 group-product-name ng-binding\" href=\"https:\/\/serhat.com.tr\/search-result\/impronta-yemek-masasi\">\u0130mpronta Yemek Masas\u0131<\/a><\/li>\n<li>Yemek Masas\u0131 \u00d6zellikleri:<\/li>\n<li>\n<div class=\"product-group-products__option-values d-flex flex-wrap align-items-center col-12 col-lg-6 pe-0 pe-lg-4 group-main-single\">\n<div class=\"ng-scope\">\n<div class=\"product-group-products__option-item d-flex col-12 justify-content-start gap-1 mb-2\"><span class=\"product-group-products__option-name fw-bold fs-small ng-binding\">Geni\u015flik (mm):<\/span><span class=\"product-group-products__option-value fs-small ng-binding\">190<\/span><\/div>\n<\/div>\n<div class=\"ng-scope\">\n<div class=\"product-group-products__option-item d-flex col-12 justify-content-start gap-1 mb-2\"><span class=\"product-group-products__option-name fw-bold fs-small ng-binding\">Derinlik (mm):<\/span><span class=\"product-group-products__option-value fs-small ng-binding\">92<\/span><\/div>\n<\/div>\n<div class=\"ng-scope\">\n<div class=\"product-group-products__option-item d-flex col-12 justify-content-start gap-1 mb-2\"><span class=\"product-group-products__option-name fw-bold fs-small ng-binding\">Y\u00fckseklik (mm):<\/span><span class=\"product-group-products__option-value fs-small ng-binding\">77<\/span><\/div>\n<\/div>\n<\/div>\n<div class=\"product-group-products__add-cart-box col-12 col-lg-6 d-flex flex-wrap mt-auto ng-scope\"><\/div>\n<\/li>\n<\/ul>\n","protected":false},"excerpt":{"rendered":"<p>\u0130mpronta Konsol \u0130mpronta Konsol Aynal\u0131\u011f\u0131 \u0130mpronta Sandalye (4 Sandalye) \u0130mpronta Yemek Masas\u0131 Yemek Masas\u0131 \u00d6zellikleri: Geni\u015flik (mm):190 Derinlik (mm):92 Y\u00fckseklik<\/p>\n","protected":false},"featured_media":2307,"comment_status":"open","ping_status":"closed","template":"","meta":{"_uag_custom_page_level_css":""},"product_brand":[],"product_cat":[41],"product_tag":[],"class_list":{"0":"post-2306","1":"product","2":"type-product","3":"status-publish","4":"has-post-thumbnail","6":"product_cat-yemek-odasi-takimlari","8":"first","9":"instock","10":"taxable","11":"shipping-taxable","12":"purchasable","13":"product-type-simple"},"uagb_featured_image_src":{"full":["https:\/\/ozkurtmobilya.com\/wp-content\/uploads\/2025\/11\/1-1-1.webp",1402,950,false],"thumbnail":["https:\/\/ozkurtmobilya.com\/wp-content\/uploads\/2025\/11\/1-1-1-150x150.webp",150,150,true],"medium":["https:\/\/ozkurtmobilya.com\/wp-content\/uploads\/2025\/11\/1-1-1-300x203.webp",300,203,true],"medium_large":["https:\/\/ozkurtmobilya.com\/wp-content\/uploads\/2025\/11\/1-1-1-768x520.webp",768,520,true],"large":["https:\/\/ozkurtmobilya.com\/wp-content\/uploads\/2025\/11\/1-1-1-1024x694.webp",1024,694,true],"1536x1536":["https:\/\/ozkurtmobilya.com\/wp-content\/uploads\/2025\/11\/1-1-1.webp",1402,950,false],"2048x2048":["https:\/\/ozkurtmobilya.com\/wp-content\/uploads\/2025\/11\/1-1-1.webp",1402,950,false],"woocommerce_thumbnail":["https:\/\/ozkurtmobilya.com\/wp-content\/uploads\/2025\/11\/1-1-1-600x600.webp",600,600,true],"woocommerce_single":["https:\/\/ozkurtmobilya.com\/wp-content\/uploads\/2025\/11\/1-1-1-1200x813.webp",1200,813,true],"woocommerce_gallery_thumbnail":["https:\/\/ozkurtmobilya.com\/wp-content\/uploads\/2025\/11\/1-1-1-150x102.webp",150,102,true]},"uagb_author_info":{"display_name":"emre ozkurt","author_link":"https:\/\/ozkurtmobilya.com\/?author=0"},"uagb_comment_info":0,"uagb_excerpt":"\u0130mpronta Konsol \u0130mpronta Konsol Aynal\u0131\u011f\u0131 \u0130mpronta Sandalye (4 Sandalye) \u0130mpronta Yemek Masas\u0131 Yemek Masas\u0131 \u00d6zellikleri: Geni\u015flik (mm):190 Derinlik (mm):92 Y\u00fckseklik","_links":{"self":[{"href":"https:\/\/ozkurtmobilya.com\/index.php?rest_route=\/wp\/v2\/product\/2306","targetHints":{"allow":["GET"]}}],"collection":[{"href":"https:\/\/ozkurtmobilya.com\/index.php?rest_route=\/wp\/v2\/product"}],"about":[{"href":"https:\/\/ozkurtmobilya.com\/index.php?rest_route=\/wp\/v2\/types\/product"}],"replies":[{"embeddable":true,"href":"https:\/\/ozkurtmobilya.com\/index.php?rest_route=%2Fwp%2Fv2%2Fcomments&post=2306"}],"wp:featuredmedia":[{"embeddable":true,"href":"https:\/\/ozkurtmobilya.com\/index.php?rest_route=\/wp\/v2\/media\/2307"}],"wp:attachment":[{"href":"https:\/\/ozkurtmobilya.com\/index.php?rest_route=%2Fwp%2Fv2%2Fmedia&parent=2306"}],"wp:term":[{"taxonomy":"product_brand","embeddable":true,"href":"https:\/\/ozkurtmobilya.com\/index.php?rest_route=%2Fwp%2Fv2%2Fproduct_brand&post=2306"},{"taxonomy":"product_cat","embeddable":true,"href":"https:\/\/ozkurtmobilya.com\/index.php?rest_route=%2Fwp%2Fv2%2Fproduct_cat&post=2306"},{"taxonomy":"product_tag","embeddable":true,"href":"https:\/\/ozkurtmobilya.com\/index.php?rest_route=%2Fwp%2Fv2%2Fproduct_tag&post=2306"}],"curies":[{"name":"wp","href":"https:\/\/api.w.org\/{rel}","templated":true}]}}