{"id":171,"date":"2025-03-06T22:35:13","date_gmt":"2025-03-06T22:35:13","guid":{"rendered":"https:\/\/ozkurtmobilya.com\/?post_type=product&#038;p=171"},"modified":"2025-03-07T21:47:59","modified_gmt":"2025-03-07T21:47:59","slug":"zigon-sehpa","status":"publish","type":"product","link":"https:\/\/ozkurtmobilya.com\/?product=zigon-sehpa","title":{"rendered":"Z\u0130GON SEHPA"},"content":{"rendered":"<p>Modern ve zarif tasar\u0131m\u0131yla dikkat \u00e7eken Z\u0130GON Sehpa, oturma odan\u0131z\u0131n vazge\u00e7ilmez bir par\u00e7as\u0131 olacak. Hem g\u00fcnl\u00fck kullan\u0131ma uygun hem de dekoratif \u00f6zellikleriyle mekan\u0131n\u0131za tamamlanm\u0131\u015f bir g\u00f6r\u00fcn\u00fcm kazand\u0131r\u0131r. Sa\u011flam yap\u0131s\u0131 ve estetik tasar\u0131m\u0131yla hem kullan\u0131\u015fl\u0131 hem de \u015f\u0131k bir se\u00e7enek!<\/p>\n","protected":false},"excerpt":{"rendered":"<p>Z\u0130GON Sehpa ile oturma odan\u0131zda \u015f\u0131kl\u0131\u011f\u0131 yakalay\u0131n!<\/p>\n","protected":false},"featured_media":397,"comment_status":"closed","ping_status":"closed","template":"","meta":{"_uag_custom_page_level_css":""},"product_brand":[],"product_cat":[22],"product_tag":[76,45,46,75],"class_list":{"0":"post-171","1":"product","2":"type-product","3":"status-publish","4":"has-post-thumbnail","6":"product_cat-sehpalar","7":"product_tag-dekoratif","8":"product_tag-modern","9":"product_tag-sik","10":"product_tag-zigon-sehpa","12":"first","13":"instock","14":"sale","15":"sold-individually","16":"taxable","17":"shipping-taxable","18":"purchasable","19":"product-type-simple"},"uagb_featured_image_src":{"full":["https:\/\/ozkurtmobilya.com\/wp-content\/uploads\/2025\/03\/SHP-ZIGON-78.png",1106,742,false],"thumbnail":["https:\/\/ozkurtmobilya.com\/wp-content\/uploads\/2025\/03\/SHP-ZIGON-78-150x150.png",150,150,true],"medium":["https:\/\/ozkurtmobilya.com\/wp-content\/uploads\/2025\/03\/SHP-ZIGON-78-300x201.png",300,201,true],"medium_large":["https:\/\/ozkurtmobilya.com\/wp-content\/uploads\/2025\/03\/SHP-ZIGON-78-768x515.png",768,515,true],"large":["https:\/\/ozkurtmobilya.com\/wp-content\/uploads\/2025\/03\/SHP-ZIGON-78-1024x687.png",1024,687,true],"1536x1536":["https:\/\/ozkurtmobilya.com\/wp-content\/uploads\/2025\/03\/SHP-ZIGON-78.png",1106,742,false],"2048x2048":["https:\/\/ozkurtmobilya.com\/wp-content\/uploads\/2025\/03\/SHP-ZIGON-78.png",1106,742,false],"woocommerce_thumbnail":["https:\/\/ozkurtmobilya.com\/wp-content\/uploads\/2025\/03\/SHP-ZIGON-78-600x600.png",600,600,true],"woocommerce_single":["https:\/\/ozkurtmobilya.com\/wp-content\/uploads\/2025\/03\/SHP-ZIGON-78.png",1106,742,false],"woocommerce_gallery_thumbnail":["https:\/\/ozkurtmobilya.com\/wp-content\/uploads\/2025\/03\/SHP-ZIGON-78-150x101.png",150,101,true]},"uagb_author_info":{"display_name":"mehmet ali akbay","author_link":"https:\/\/ozkurtmobilya.com\/?author=0"},"uagb_comment_info":0,"uagb_excerpt":"Z\u0130GON Sehpa ile oturma odan\u0131zda \u015f\u0131kl\u0131\u011f\u0131 yakalay\u0131n!","_links":{"self":[{"href":"https:\/\/ozkurtmobilya.com\/index.php?rest_route=\/wp\/v2\/product\/171","targetHints":{"allow":["GET"]}}],"collection":[{"href":"https:\/\/ozkurtmobilya.com\/index.php?rest_route=\/wp\/v2\/product"}],"about":[{"href":"https:\/\/ozkurtmobilya.com\/index.php?rest_route=\/wp\/v2\/types\/product"}],"replies":[{"embeddable":true,"href":"https:\/\/ozkurtmobilya.com\/index.php?rest_route=%2Fwp%2Fv2%2Fcomments&post=171"}],"wp:featuredmedia":[{"embeddable":true,"href":"https:\/\/ozkurtmobilya.com\/index.php?rest_route=\/wp\/v2\/media\/397"}],"wp:attachment":[{"href":"https:\/\/ozkurtmobilya.com\/index.php?rest_route=%2Fwp%2Fv2%2Fmedia&parent=171"}],"wp:term":[{"taxonomy":"product_brand","embeddable":true,"href":"https:\/\/ozkurtmobilya.com\/index.php?rest_route=%2Fwp%2Fv2%2Fproduct_brand&post=171"},{"taxonomy":"product_cat","embeddable":true,"href":"https:\/\/ozkurtmobilya.com\/index.php?rest_route=%2Fwp%2Fv2%2Fproduct_cat&post=171"},{"taxonomy":"product_tag","embeddable":true,"href":"https:\/\/ozkurtmobilya.com\/index.php?rest_route=%2Fwp%2Fv2%2Fproduct_tag&post=171"}],"curies":[{"name":"wp","href":"https:\/\/api.w.org\/{rel}","templated":true}]}}