{"id":170,"date":"2025-03-06T22:35:13","date_gmt":"2025-03-06T22:35:13","guid":{"rendered":"https:\/\/ozkurtmobilya.com\/?post_type=product&#038;p=170"},"modified":"2025-11-12T09:37:28","modified_gmt":"2025-11-12T09:37:28","slug":"oflum-4-cekmeceli-sifonyer","status":"publish","type":"product","link":"https:\/\/ozkurtmobilya.com\/?product=oflum-4-cekmeceli-sifonyer","title":{"rendered":"4 \u00c7EKMECEL\u0130 \u015e\u0130FONYER"},"content":{"rendered":"<p>Fonksiyonel ve \u015f\u0131k tasar\u0131m\u0131yla dikkat \u00e7eken OFLUM 4 \u00c7ekmeceli \u015eifonyer, yatak odan\u0131zdaki giysilerinizi d\u00fczenli bir \u015fekilde saklaman\u0131za olanak tan\u0131r. Dayan\u0131kl\u0131 malzemelerle \u00fcretilmi\u015f olan bu \u00fcr\u00fcn, hem estetik hem de pratik bir \u00e7\u00f6z\u00fcm sunar. Yatak odan\u0131z\u0131 tamamlayacak ideal bir tercih!<\/p>\n","protected":false},"excerpt":{"rendered":"<p>OFLUM 4 \u00c7ekmeceli \u015eifonyer ile yatak odan\u0131z\u0131 d\u00fczenli tutun!<\/p>\n","protected":false},"featured_media":285,"comment_status":"closed","ping_status":"closed","template":"","meta":{"_uag_custom_page_level_css":""},"product_brand":[],"product_cat":[40],"product_tag":[65,67,74,46],"class_list":{"0":"post-170","1":"product","2":"type-product","3":"status-publish","4":"has-post-thumbnail","6":"product_cat-sifonyerler","7":"product_tag-fonksiyonel","8":"product_tag-pratik","9":"product_tag-sifonyer","10":"product_tag-sik","12":"first","13":"instock","14":"sale","15":"sold-individually","16":"taxable","17":"shipping-taxable","18":"purchasable","19":"product-type-simple"},"uagb_featured_image_src":{"full":["https:\/\/ozkurtmobilya.com\/wp-content\/uploads\/2025\/03\/oflum_sifonyer.png",1082,1420,false],"thumbnail":["https:\/\/ozkurtmobilya.com\/wp-content\/uploads\/2025\/03\/oflum_sifonyer-150x150.png",150,150,true],"medium":["https:\/\/ozkurtmobilya.com\/wp-content\/uploads\/2025\/03\/oflum_sifonyer-229x300.png",229,300,true],"medium_large":["https:\/\/ozkurtmobilya.com\/wp-content\/uploads\/2025\/03\/oflum_sifonyer-768x1008.png",768,1008,true],"large":["https:\/\/ozkurtmobilya.com\/wp-content\/uploads\/2025\/03\/oflum_sifonyer-780x1024.png",780,1024,true],"1536x1536":["https:\/\/ozkurtmobilya.com\/wp-content\/uploads\/2025\/03\/oflum_sifonyer.png",1082,1420,false],"2048x2048":["https:\/\/ozkurtmobilya.com\/wp-content\/uploads\/2025\/03\/oflum_sifonyer.png",1082,1420,false],"woocommerce_thumbnail":["https:\/\/ozkurtmobilya.com\/wp-content\/uploads\/2025\/03\/oflum_sifonyer-600x600.png",600,600,true],"woocommerce_single":["https:\/\/ozkurtmobilya.com\/wp-content\/uploads\/2025\/03\/oflum_sifonyer.png",1082,1420,false],"woocommerce_gallery_thumbnail":["https:\/\/ozkurtmobilya.com\/wp-content\/uploads\/2025\/03\/oflum_sifonyer-150x197.png",150,197,true]},"uagb_author_info":{"display_name":"mehmet ali akbay","author_link":"https:\/\/ozkurtmobilya.com\/?author=0"},"uagb_comment_info":0,"uagb_excerpt":"OFLUM 4 \u00c7ekmeceli \u015eifonyer ile yatak odan\u0131z\u0131 d\u00fczenli tutun!","_links":{"self":[{"href":"https:\/\/ozkurtmobilya.com\/index.php?rest_route=\/wp\/v2\/product\/170","targetHints":{"allow":["GET"]}}],"collection":[{"href":"https:\/\/ozkurtmobilya.com\/index.php?rest_route=\/wp\/v2\/product"}],"about":[{"href":"https:\/\/ozkurtmobilya.com\/index.php?rest_route=\/wp\/v2\/types\/product"}],"replies":[{"embeddable":true,"href":"https:\/\/ozkurtmobilya.com\/index.php?rest_route=%2Fwp%2Fv2%2Fcomments&post=170"}],"wp:featuredmedia":[{"embeddable":true,"href":"https:\/\/ozkurtmobilya.com\/index.php?rest_route=\/wp\/v2\/media\/285"}],"wp:attachment":[{"href":"https:\/\/ozkurtmobilya.com\/index.php?rest_route=%2Fwp%2Fv2%2Fmedia&parent=170"}],"wp:term":[{"taxonomy":"product_brand","embeddable":true,"href":"https:\/\/ozkurtmobilya.com\/index.php?rest_route=%2Fwp%2Fv2%2Fproduct_brand&post=170"},{"taxonomy":"product_cat","embeddable":true,"href":"https:\/\/ozkurtmobilya.com\/index.php?rest_route=%2Fwp%2Fv2%2Fproduct_cat&post=170"},{"taxonomy":"product_tag","embeddable":true,"href":"https:\/\/ozkurtmobilya.com\/index.php?rest_route=%2Fwp%2Fv2%2Fproduct_tag&post=170"}],"curies":[{"name":"wp","href":"https:\/\/api.w.org\/{rel}","templated":true}]}}