{"id":167,"date":"2025-03-06T22:35:13","date_gmt":"2025-03-06T22:35:13","guid":{"rendered":"https:\/\/ozkurtmobilya.com\/?post_type=product&#038;p=167"},"modified":"2025-04-09T05:23:56","modified_gmt":"2025-04-09T05:23:56","slug":"oflum-cok-amacli-dolap","status":"publish","type":"product","link":"https:\/\/ozkurtmobilya.com\/?product=oflum-cok-amacli-dolap","title":{"rendered":"\u00c7OK AMA\u00c7LI DOLAP"},"content":{"rendered":"<p>Fonksiyonel ve \u015f\u0131k tasar\u0131m\u0131yla dikkat \u00e7eken OFLUM \u00c7ok Ama\u00e7l\u0131 Dolap, evinizdeki her t\u00fcrl\u00fc e\u015fyay\u0131 d\u00fczenli bir \u015fekilde saklaman\u0131za olanak tan\u0131r. Dayan\u0131kl\u0131 malzemelerle \u00fcretilmi\u015f olan bu \u00fcr\u00fcn, hem estetik hem de pratik bir \u00e7\u00f6z\u00fcm sunar. Ev dekorasyonunuzu tamamlayacak ideal bir tercih!<\/p>\n","protected":false},"excerpt":{"rendered":"<p>OFLUM \u00c7ok Ama\u00e7l\u0131 Dolap ile evinizi d\u00fczenli tutun!<\/p>\n","protected":false},"featured_media":277,"comment_status":"closed","ping_status":"closed","template":"","meta":{"_uag_custom_page_level_css":""},"product_brand":[],"product_cat":[39],"product_tag":[73,65,67,46],"class_list":{"0":"post-167","1":"product","2":"type-product","3":"status-publish","4":"has-post-thumbnail","6":"product_cat-dolaplar","7":"product_tag-dolap","8":"product_tag-fonksiyonel","9":"product_tag-pratik","10":"product_tag-sik","12":"first","13":"instock","14":"sale","15":"sold-individually","16":"taxable","17":"shipping-taxable","18":"purchasable","19":"product-type-simple"},"uagb_featured_image_src":{"full":["https:\/\/ozkurtmobilya.com\/wp-content\/uploads\/2025\/03\/oflum_3.png",604,942,false],"thumbnail":["https:\/\/ozkurtmobilya.com\/wp-content\/uploads\/2025\/03\/oflum_3-150x150.png",150,150,true],"medium":["https:\/\/ozkurtmobilya.com\/wp-content\/uploads\/2025\/03\/oflum_3-192x300.png",192,300,true],"medium_large":["https:\/\/ozkurtmobilya.com\/wp-content\/uploads\/2025\/03\/oflum_3.png",604,942,false],"large":["https:\/\/ozkurtmobilya.com\/wp-content\/uploads\/2025\/03\/oflum_3.png",604,942,false],"1536x1536":["https:\/\/ozkurtmobilya.com\/wp-content\/uploads\/2025\/03\/oflum_3.png",604,942,false],"2048x2048":["https:\/\/ozkurtmobilya.com\/wp-content\/uploads\/2025\/03\/oflum_3.png",604,942,false],"woocommerce_thumbnail":["https:\/\/ozkurtmobilya.com\/wp-content\/uploads\/2025\/03\/oflum_3-600x600.png",600,600,true],"woocommerce_single":["https:\/\/ozkurtmobilya.com\/wp-content\/uploads\/2025\/03\/oflum_3.png",604,942,false],"woocommerce_gallery_thumbnail":["https:\/\/ozkurtmobilya.com\/wp-content\/uploads\/2025\/03\/oflum_3-150x234.png",150,234,true]},"uagb_author_info":{"display_name":"mehmet ali akbay","author_link":"https:\/\/ozkurtmobilya.com\/?author=0"},"uagb_comment_info":0,"uagb_excerpt":"OFLUM \u00c7ok Ama\u00e7l\u0131 Dolap ile evinizi d\u00fczenli tutun!","_links":{"self":[{"href":"https:\/\/ozkurtmobilya.com\/index.php?rest_route=\/wp\/v2\/product\/167","targetHints":{"allow":["GET"]}}],"collection":[{"href":"https:\/\/ozkurtmobilya.com\/index.php?rest_route=\/wp\/v2\/product"}],"about":[{"href":"https:\/\/ozkurtmobilya.com\/index.php?rest_route=\/wp\/v2\/types\/product"}],"replies":[{"embeddable":true,"href":"https:\/\/ozkurtmobilya.com\/index.php?rest_route=%2Fwp%2Fv2%2Fcomments&post=167"}],"wp:featuredmedia":[{"embeddable":true,"href":"https:\/\/ozkurtmobilya.com\/index.php?rest_route=\/wp\/v2\/media\/277"}],"wp:attachment":[{"href":"https:\/\/ozkurtmobilya.com\/index.php?rest_route=%2Fwp%2Fv2%2Fmedia&parent=167"}],"wp:term":[{"taxonomy":"product_brand","embeddable":true,"href":"https:\/\/ozkurtmobilya.com\/index.php?rest_route=%2Fwp%2Fv2%2Fproduct_brand&post=167"},{"taxonomy":"product_cat","embeddable":true,"href":"https:\/\/ozkurtmobilya.com\/index.php?rest_route=%2Fwp%2Fv2%2Fproduct_cat&post=167"},{"taxonomy":"product_tag","embeddable":true,"href":"https:\/\/ozkurtmobilya.com\/index.php?rest_route=%2Fwp%2Fv2%2Fproduct_tag&post=167"}],"curies":[{"name":"wp","href":"https:\/\/api.w.org\/{rel}","templated":true}]}}