{"id":166,"date":"2025-03-06T22:35:12","date_gmt":"2025-03-06T22:35:12","guid":{"rendered":"https:\/\/ozkurtmobilya.com\/?post_type=product&#038;p=166"},"modified":"2025-04-09T05:27:06","modified_gmt":"2025-04-09T05:27:06","slug":"oflum-5-kapakli-konsol","status":"publish","type":"product","link":"https:\/\/ozkurtmobilya.com\/?product=oflum-5-kapakli-konsol","title":{"rendered":"5 KAPAKLI KONSOL"},"content":{"rendered":"<p>Modern tasar\u0131m\u0131n \u015f\u0131kl\u0131\u011f\u0131yla birle\u015fen OFLUM 5 Kapakl\u0131 Konsol, hem ailenizle keyifli anlar ge\u00e7irmenizi sa\u011flar hem de misafirlerinizi b\u00fcy\u00fcleyecek bir g\u00f6r\u00fcn\u00fcme sahip. Y\u00fcksek kaliteli malzemelerle \u00fcretilmi\u015f olan bu \u00fcr\u00fcn, uzun y\u0131llar boyunca size hizmet edecek. Salonunuzu yeniden tan\u0131mlamak i\u00e7in en do\u011fru ad\u0131m!<\/p>\n","protected":false},"excerpt":{"rendered":"<p>OFLUM 5 Kapakl\u0131 Konsol ile salonunuzu \u015f\u0131kl\u0131kla donat\u0131n!<\/p>\n","protected":false},"featured_media":294,"comment_status":"closed","ping_status":"closed","template":"","meta":{"_uag_custom_page_level_css":""},"product_brand":[],"product_cat":[20],"product_tag":[47,72,45,46],"class_list":{"0":"post-166","1":"product","2":"type-product","3":"status-publish","4":"has-post-thumbnail","6":"product_cat-konsol","7":"product_tag-konforlu","8":"product_tag-konsol","9":"product_tag-modern","10":"product_tag-sik","12":"first","13":"instock","14":"sale","15":"sold-individually","16":"taxable","17":"shipping-taxable","18":"purchasable","19":"product-type-simple"},"uagb_featured_image_src":{"full":["https:\/\/ozkurtmobilya.com\/wp-content\/uploads\/2025\/03\/oflum_5_3.png",1448,756,false],"thumbnail":["https:\/\/ozkurtmobilya.com\/wp-content\/uploads\/2025\/03\/oflum_5_3-150x150.png",150,150,true],"medium":["https:\/\/ozkurtmobilya.com\/wp-content\/uploads\/2025\/03\/oflum_5_3-300x157.png",300,157,true],"medium_large":["https:\/\/ozkurtmobilya.com\/wp-content\/uploads\/2025\/03\/oflum_5_3-768x401.png",768,401,true],"large":["https:\/\/ozkurtmobilya.com\/wp-content\/uploads\/2025\/03\/oflum_5_3-1024x535.png",1024,535,true],"1536x1536":["https:\/\/ozkurtmobilya.com\/wp-content\/uploads\/2025\/03\/oflum_5_3.png",1448,756,false],"2048x2048":["https:\/\/ozkurtmobilya.com\/wp-content\/uploads\/2025\/03\/oflum_5_3.png",1448,756,false],"woocommerce_thumbnail":["https:\/\/ozkurtmobilya.com\/wp-content\/uploads\/2025\/03\/oflum_5_3-600x600.png",600,600,true],"woocommerce_single":["https:\/\/ozkurtmobilya.com\/wp-content\/uploads\/2025\/03\/oflum_5_3.png",1200,627,false],"woocommerce_gallery_thumbnail":["https:\/\/ozkurtmobilya.com\/wp-content\/uploads\/2025\/03\/oflum_5_3-150x78.png",150,78,true]},"uagb_author_info":{"display_name":"mehmet ali akbay","author_link":"https:\/\/ozkurtmobilya.com\/?author=0"},"uagb_comment_info":0,"uagb_excerpt":"OFLUM 5 Kapakl\u0131 Konsol ile salonunuzu \u015f\u0131kl\u0131kla donat\u0131n!","_links":{"self":[{"href":"https:\/\/ozkurtmobilya.com\/index.php?rest_route=\/wp\/v2\/product\/166","targetHints":{"allow":["GET"]}}],"collection":[{"href":"https:\/\/ozkurtmobilya.com\/index.php?rest_route=\/wp\/v2\/product"}],"about":[{"href":"https:\/\/ozkurtmobilya.com\/index.php?rest_route=\/wp\/v2\/types\/product"}],"replies":[{"embeddable":true,"href":"https:\/\/ozkurtmobilya.com\/index.php?rest_route=%2Fwp%2Fv2%2Fcomments&post=166"}],"wp:featuredmedia":[{"embeddable":true,"href":"https:\/\/ozkurtmobilya.com\/index.php?rest_route=\/wp\/v2\/media\/294"}],"wp:attachment":[{"href":"https:\/\/ozkurtmobilya.com\/index.php?rest_route=%2Fwp%2Fv2%2Fmedia&parent=166"}],"wp:term":[{"taxonomy":"product_brand","embeddable":true,"href":"https:\/\/ozkurtmobilya.com\/index.php?rest_route=%2Fwp%2Fv2%2Fproduct_brand&post=166"},{"taxonomy":"product_cat","embeddable":true,"href":"https:\/\/ozkurtmobilya.com\/index.php?rest_route=%2Fwp%2Fv2%2Fproduct_cat&post=166"},{"taxonomy":"product_tag","embeddable":true,"href":"https:\/\/ozkurtmobilya.com\/index.php?rest_route=%2Fwp%2Fv2%2Fproduct_tag&post=166"}],"curies":[{"name":"wp","href":"https:\/\/api.w.org\/{rel}","templated":true}]}}