{"id":165,"date":"2025-03-06T22:35:12","date_gmt":"2025-03-06T22:35:12","guid":{"rendered":"https:\/\/ozkurtmobilya.com\/?post_type=product&#038;p=165"},"modified":"2025-04-09T05:26:32","modified_gmt":"2025-04-09T05:26:32","slug":"oflum-4-kapakli-konsol","status":"publish","type":"product","link":"https:\/\/ozkurtmobilya.com\/?product=oflum-4-kapakli-konsol","title":{"rendered":"4 KAPAKLI KONSOL"},"content":{"rendered":"<p>Modern tasar\u0131m\u0131n \u015f\u0131kl\u0131\u011f\u0131yla birle\u015fen OFLUM 4 Kapakl\u0131 Konsol, hem ailenizle keyifli anlar ge\u00e7irmenizi sa\u011flar hem de misafirlerinizi b\u00fcy\u00fcleyecek bir g\u00f6r\u00fcn\u00fcme sahip. Y\u00fcksek kaliteli malzemelerle \u00fcretilmi\u015f olan bu \u00fcr\u00fcn, uzun y\u0131llar boyunca size hizmet edecek. Salonunuzu yeniden tan\u0131mlamak i\u00e7in en do\u011fru ad\u0131m!<\/p>\n","protected":false},"excerpt":{"rendered":"<p>OFLUM 4 Kapakl\u0131 Konsol ile salonunuzu \u015f\u0131kl\u0131kla donat\u0131n!<\/p>\n","protected":false},"featured_media":290,"comment_status":"closed","ping_status":"closed","template":"","meta":{"_uag_custom_page_level_css":""},"product_brand":[],"product_cat":[20],"product_tag":[50,72,45,46],"class_list":{"0":"post-165","1":"product","2":"type-product","3":"status-publish","4":"has-post-thumbnail","6":"product_cat-konsol","7":"product_tag-dayanikli","8":"product_tag-konsol","9":"product_tag-modern","10":"product_tag-sik","12":"first","13":"instock","14":"sale","15":"sold-individually","16":"taxable","17":"shipping-taxable","18":"purchasable","19":"product-type-simple"},"uagb_featured_image_src":{"full":["https:\/\/ozkurtmobilya.com\/wp-content\/uploads\/2025\/03\/oflum_4_2.png",1448,854,false],"thumbnail":["https:\/\/ozkurtmobilya.com\/wp-content\/uploads\/2025\/03\/oflum_4_2-150x150.png",150,150,true],"medium":["https:\/\/ozkurtmobilya.com\/wp-content\/uploads\/2025\/03\/oflum_4_2-300x177.png",300,177,true],"medium_large":["https:\/\/ozkurtmobilya.com\/wp-content\/uploads\/2025\/03\/oflum_4_2-768x453.png",768,453,true],"large":["https:\/\/ozkurtmobilya.com\/wp-content\/uploads\/2025\/03\/oflum_4_2-1024x604.png",1024,604,true],"1536x1536":["https:\/\/ozkurtmobilya.com\/wp-content\/uploads\/2025\/03\/oflum_4_2.png",1448,854,false],"2048x2048":["https:\/\/ozkurtmobilya.com\/wp-content\/uploads\/2025\/03\/oflum_4_2.png",1448,854,false],"woocommerce_thumbnail":["https:\/\/ozkurtmobilya.com\/wp-content\/uploads\/2025\/03\/oflum_4_2-600x600.png",600,600,true],"woocommerce_single":["https:\/\/ozkurtmobilya.com\/wp-content\/uploads\/2025\/03\/oflum_4_2.png",1200,708,false],"woocommerce_gallery_thumbnail":["https:\/\/ozkurtmobilya.com\/wp-content\/uploads\/2025\/03\/oflum_4_2-150x88.png",150,88,true]},"uagb_author_info":{"display_name":"mehmet ali akbay","author_link":"https:\/\/ozkurtmobilya.com\/?author=0"},"uagb_comment_info":0,"uagb_excerpt":"OFLUM 4 Kapakl\u0131 Konsol ile salonunuzu \u015f\u0131kl\u0131kla donat\u0131n!","_links":{"self":[{"href":"https:\/\/ozkurtmobilya.com\/index.php?rest_route=\/wp\/v2\/product\/165","targetHints":{"allow":["GET"]}}],"collection":[{"href":"https:\/\/ozkurtmobilya.com\/index.php?rest_route=\/wp\/v2\/product"}],"about":[{"href":"https:\/\/ozkurtmobilya.com\/index.php?rest_route=\/wp\/v2\/types\/product"}],"replies":[{"embeddable":true,"href":"https:\/\/ozkurtmobilya.com\/index.php?rest_route=%2Fwp%2Fv2%2Fcomments&post=165"}],"wp:featuredmedia":[{"embeddable":true,"href":"https:\/\/ozkurtmobilya.com\/index.php?rest_route=\/wp\/v2\/media\/290"}],"wp:attachment":[{"href":"https:\/\/ozkurtmobilya.com\/index.php?rest_route=%2Fwp%2Fv2%2Fmedia&parent=165"}],"wp:term":[{"taxonomy":"product_brand","embeddable":true,"href":"https:\/\/ozkurtmobilya.com\/index.php?rest_route=%2Fwp%2Fv2%2Fproduct_brand&post=165"},{"taxonomy":"product_cat","embeddable":true,"href":"https:\/\/ozkurtmobilya.com\/index.php?rest_route=%2Fwp%2Fv2%2Fproduct_cat&post=165"},{"taxonomy":"product_tag","embeddable":true,"href":"https:\/\/ozkurtmobilya.com\/index.php?rest_route=%2Fwp%2Fv2%2Fproduct_tag&post=165"}],"curies":[{"name":"wp","href":"https:\/\/api.w.org\/{rel}","templated":true}]}}