{"id":1594,"date":"2025-11-12T13:59:50","date_gmt":"2025-11-12T13:59:50","guid":{"rendered":"https:\/\/ozkurtmobilya.com\/?post_type=product&#038;p=1594"},"modified":"2025-11-13T09:22:19","modified_gmt":"2025-11-13T09:22:19","slug":"bio-balance-komodin","status":"publish","type":"product","link":"https:\/\/ozkurtmobilya.com\/?product=bio-balance-komodin","title":{"rendered":"Bio Balance Komodin"},"content":{"rendered":"<h2>\u015e\u0131k Tasar\u0131m\u0131 ve Kendine Has Tarz\u0131 ve Havas\u0131 ile Bio Balance Komodin<br \/>\nUyku d\u00fczeninizin ve yatak odan\u0131z\u0131n \u00f6nemini biliyoruz.<br \/>\nBio Balance ile uyku alan\u0131n\u0131za i\u015flevsellik ve estetik kazand\u0131rmak i\u00e7in harika bir f\u0131rsata haz\u0131r olun!<br \/>\nKendine has tarz\u0131 ve benzersiz \u00f6zellikleriyle, yatak odan\u0131z\u0131 daha ferah, d\u00fczenli ve \u015f\u0131k bir mek\u00e2na d\u00f6n\u00fc\u015ft\u00fcrecek.<\/h2>\n<div>Bio Balance Komodin, modern teknolojinin i\u015flevselli\u011fini zarif tasar\u0131m\u0131yla bir araya getiriyor.<br \/>\nDo\u011fal ah\u015fap ve y\u00fcksek kaliteli malzemeler kullan\u0131larak \u00fcretilen bu komodin, hem sa\u011flaml\u0131\u011f\u0131 hem de \u015f\u0131kl\u0131\u011f\u0131 ile \u00f6ne \u00e7\u0131k\u0131yor.<br \/>\nY\u00fcksek hassasiyetle i\u015flenmi\u015f detaylar\u0131 ve zarif \u00e7izgileri, yatak odan\u0131za sofistike bir atmosfer kazand\u0131racak.<\/div>\n","protected":false},"excerpt":{"rendered":"<p>\u015e\u0131k Tasar\u0131m\u0131 ve Kendine Has Tarz\u0131 ve Havas\u0131 ile Bio Balance Komodin Uyku d\u00fczeninizin ve yatak odan\u0131z\u0131n \u00f6nemini biliyoruz. Bio<\/p>\n","protected":false},"featured_media":1595,"comment_status":"open","ping_status":"closed","template":"","meta":{"_uag_custom_page_level_css":""},"product_brand":[],"product_cat":[106,138],"product_tag":[],"class_list":{"0":"post-1594","1":"product","2":"type-product","3":"status-publish","4":"has-post-thumbnail","6":"product_cat-komodin","7":"product_cat-aksesuarlar","9":"first","10":"instock","11":"taxable","12":"shipping-taxable","13":"purchasable","14":"product-type-simple"},"uagb_featured_image_src":{"full":["https:\/\/ozkurtmobilya.com\/wp-content\/uploads\/2025\/11\/bio-balance-komodin-armis-yatak-001.webp",1200,1200,false],"thumbnail":["https:\/\/ozkurtmobilya.com\/wp-content\/uploads\/2025\/11\/bio-balance-komodin-armis-yatak-001-150x150.webp",150,150,true],"medium":["https:\/\/ozkurtmobilya.com\/wp-content\/uploads\/2025\/11\/bio-balance-komodin-armis-yatak-001-300x300.webp",300,300,true],"medium_large":["https:\/\/ozkurtmobilya.com\/wp-content\/uploads\/2025\/11\/bio-balance-komodin-armis-yatak-001-768x768.webp",768,768,true],"large":["https:\/\/ozkurtmobilya.com\/wp-content\/uploads\/2025\/11\/bio-balance-komodin-armis-yatak-001-1024x1024.webp",1024,1024,true],"1536x1536":["https:\/\/ozkurtmobilya.com\/wp-content\/uploads\/2025\/11\/bio-balance-komodin-armis-yatak-001.webp",1200,1200,false],"2048x2048":["https:\/\/ozkurtmobilya.com\/wp-content\/uploads\/2025\/11\/bio-balance-komodin-armis-yatak-001.webp",1200,1200,false],"woocommerce_thumbnail":["https:\/\/ozkurtmobilya.com\/wp-content\/uploads\/2025\/11\/bio-balance-komodin-armis-yatak-001-600x600.webp",600,600,true],"woocommerce_single":["https:\/\/ozkurtmobilya.com\/wp-content\/uploads\/2025\/11\/bio-balance-komodin-armis-yatak-001.webp",1200,1200,false],"woocommerce_gallery_thumbnail":["https:\/\/ozkurtmobilya.com\/wp-content\/uploads\/2025\/11\/bio-balance-komodin-armis-yatak-001-150x150.webp",150,150,true]},"uagb_author_info":{"display_name":"emre ozkurt","author_link":"https:\/\/ozkurtmobilya.com\/?author=0"},"uagb_comment_info":0,"uagb_excerpt":"\u015e\u0131k Tasar\u0131m\u0131 ve Kendine Has Tarz\u0131 ve Havas\u0131 ile Bio Balance Komodin Uyku d\u00fczeninizin ve yatak odan\u0131z\u0131n \u00f6nemini biliyoruz. Bio","_links":{"self":[{"href":"https:\/\/ozkurtmobilya.com\/index.php?rest_route=\/wp\/v2\/product\/1594","targetHints":{"allow":["GET"]}}],"collection":[{"href":"https:\/\/ozkurtmobilya.com\/index.php?rest_route=\/wp\/v2\/product"}],"about":[{"href":"https:\/\/ozkurtmobilya.com\/index.php?rest_route=\/wp\/v2\/types\/product"}],"replies":[{"embeddable":true,"href":"https:\/\/ozkurtmobilya.com\/index.php?rest_route=%2Fwp%2Fv2%2Fcomments&post=1594"}],"wp:featuredmedia":[{"embeddable":true,"href":"https:\/\/ozkurtmobilya.com\/index.php?rest_route=\/wp\/v2\/media\/1595"}],"wp:attachment":[{"href":"https:\/\/ozkurtmobilya.com\/index.php?rest_route=%2Fwp%2Fv2%2Fmedia&parent=1594"}],"wp:term":[{"taxonomy":"product_brand","embeddable":true,"href":"https:\/\/ozkurtmobilya.com\/index.php?rest_route=%2Fwp%2Fv2%2Fproduct_brand&post=1594"},{"taxonomy":"product_cat","embeddable":true,"href":"https:\/\/ozkurtmobilya.com\/index.php?rest_route=%2Fwp%2Fv2%2Fproduct_cat&post=1594"},{"taxonomy":"product_tag","embeddable":true,"href":"https:\/\/ozkurtmobilya.com\/index.php?rest_route=%2Fwp%2Fv2%2Fproduct_tag&post=1594"}],"curies":[{"name":"wp","href":"https:\/\/api.w.org\/{rel}","templated":true}]}}