{"id":1592,"date":"2025-11-12T13:58:33","date_gmt":"2025-11-12T13:58:33","guid":{"rendered":"https:\/\/ozkurtmobilya.com\/?post_type=product&#038;p=1592"},"modified":"2025-11-13T09:22:19","modified_gmt":"2025-11-13T09:22:19","slug":"barok-komodin","status":"publish","type":"product","link":"https:\/\/ozkurtmobilya.com\/?product=barok-komodin","title":{"rendered":"Barok Komodin"},"content":{"rendered":"<div><strong>Estetik ve Konfor Bir Arada: \u015eimdi Barok&#8217;ta\u00a0<\/strong><\/div>\n<div>\n<p>Barok tarz\u0131n muhte\u015fem dokunu\u015funu yatak odan\u0131za ta\u015f\u0131yoruz!<br \/>\n\u00c7a\u011flar\u0131 a\u015fan zarafeti ve modern rahatl\u0131\u011f\u0131 bir araya getirin&#8211; Kaliteli malzemeler ve ustal\u0131kla i\u015flenmi\u015f detaylar, zarafetin yan\u0131 s\u0131ra dayan\u0131kl\u0131l\u0131k da sunuyor.<br \/>\nGeni\u015f \u00e7ekmeceleri, d\u00fczenli bir alan yarat\u0131rken e\u015fyalar\u0131n\u0131za kolayca ula\u015fman\u0131z\u0131 sa\u011flar.<br \/>\nBarok\u00a0 ile hem g\u00f6zlerinize hem de ruhunuza hitap eden bir estetik deneyime haz\u0131r olun.<\/p>\n<p>\u015e\u0131kl\u0131\u011f\u0131 ve konforu bir arada arayanlar i\u00e7in Barok Komodin \u015fimdi sizinle!<\/p>\n<p>\u00d6l\u00e7\u00fcler: 52x52x62<\/p>\n<\/div>\n","protected":false},"excerpt":{"rendered":"<p>Estetik ve Konfor Bir Arada: \u015eimdi Barok&#8217;ta\u00a0 Barok tarz\u0131n muhte\u015fem dokunu\u015funu yatak odan\u0131za ta\u015f\u0131yoruz! \u00c7a\u011flar\u0131 a\u015fan zarafeti ve modern rahatl\u0131\u011f\u0131<\/p>\n","protected":false},"featured_media":1593,"comment_status":"open","ping_status":"closed","template":"","meta":{"_uag_custom_page_level_css":""},"product_brand":[],"product_cat":[106,138],"product_tag":[],"class_list":{"0":"post-1592","1":"product","2":"type-product","3":"status-publish","4":"has-post-thumbnail","6":"product_cat-komodin","7":"product_cat-aksesuarlar","9":"first","10":"instock","11":"taxable","12":"shipping-taxable","13":"purchasable","14":"product-type-simple"},"uagb_featured_image_src":{"full":["https:\/\/ozkurtmobilya.com\/wp-content\/uploads\/2025\/11\/puf.webp",1200,800,false],"thumbnail":["https:\/\/ozkurtmobilya.com\/wp-content\/uploads\/2025\/11\/puf-150x150.webp",150,150,true],"medium":["https:\/\/ozkurtmobilya.com\/wp-content\/uploads\/2025\/11\/puf-300x200.webp",300,200,true],"medium_large":["https:\/\/ozkurtmobilya.com\/wp-content\/uploads\/2025\/11\/puf-768x512.webp",768,512,true],"large":["https:\/\/ozkurtmobilya.com\/wp-content\/uploads\/2025\/11\/puf-1024x683.webp",1024,683,true],"1536x1536":["https:\/\/ozkurtmobilya.com\/wp-content\/uploads\/2025\/11\/puf.webp",1200,800,false],"2048x2048":["https:\/\/ozkurtmobilya.com\/wp-content\/uploads\/2025\/11\/puf.webp",1200,800,false],"woocommerce_thumbnail":["https:\/\/ozkurtmobilya.com\/wp-content\/uploads\/2025\/11\/puf-600x600.webp",600,600,true],"woocommerce_single":["https:\/\/ozkurtmobilya.com\/wp-content\/uploads\/2025\/11\/puf.webp",1200,800,false],"woocommerce_gallery_thumbnail":["https:\/\/ozkurtmobilya.com\/wp-content\/uploads\/2025\/11\/puf-150x100.webp",150,100,true]},"uagb_author_info":{"display_name":"emre ozkurt","author_link":"https:\/\/ozkurtmobilya.com\/?author=0"},"uagb_comment_info":0,"uagb_excerpt":"Estetik ve Konfor Bir Arada: \u015eimdi Barok&#8217;ta\u00a0 Barok tarz\u0131n muhte\u015fem dokunu\u015funu yatak odan\u0131za ta\u015f\u0131yoruz! \u00c7a\u011flar\u0131 a\u015fan zarafeti ve modern rahatl\u0131\u011f\u0131","_links":{"self":[{"href":"https:\/\/ozkurtmobilya.com\/index.php?rest_route=\/wp\/v2\/product\/1592","targetHints":{"allow":["GET"]}}],"collection":[{"href":"https:\/\/ozkurtmobilya.com\/index.php?rest_route=\/wp\/v2\/product"}],"about":[{"href":"https:\/\/ozkurtmobilya.com\/index.php?rest_route=\/wp\/v2\/types\/product"}],"replies":[{"embeddable":true,"href":"https:\/\/ozkurtmobilya.com\/index.php?rest_route=%2Fwp%2Fv2%2Fcomments&post=1592"}],"wp:featuredmedia":[{"embeddable":true,"href":"https:\/\/ozkurtmobilya.com\/index.php?rest_route=\/wp\/v2\/media\/1593"}],"wp:attachment":[{"href":"https:\/\/ozkurtmobilya.com\/index.php?rest_route=%2Fwp%2Fv2%2Fmedia&parent=1592"}],"wp:term":[{"taxonomy":"product_brand","embeddable":true,"href":"https:\/\/ozkurtmobilya.com\/index.php?rest_route=%2Fwp%2Fv2%2Fproduct_brand&post=1592"},{"taxonomy":"product_cat","embeddable":true,"href":"https:\/\/ozkurtmobilya.com\/index.php?rest_route=%2Fwp%2Fv2%2Fproduct_cat&post=1592"},{"taxonomy":"product_tag","embeddable":true,"href":"https:\/\/ozkurtmobilya.com\/index.php?rest_route=%2Fwp%2Fv2%2Fproduct_tag&post=1592"}],"curies":[{"name":"wp","href":"https:\/\/api.w.org\/{rel}","templated":true}]}}