{"id":1590,"date":"2025-11-12T13:57:19","date_gmt":"2025-11-12T13:57:19","guid":{"rendered":"https:\/\/ozkurtmobilya.com\/?post_type=product&#038;p=1590"},"modified":"2025-11-13T09:22:19","modified_gmt":"2025-11-13T09:22:19","slug":"cool-touch-komodin","status":"publish","type":"product","link":"https:\/\/ozkurtmobilya.com\/?product=cool-touch-komodin","title":{"rendered":"Cool Touch Komodin"},"content":{"rendered":"<p><strong data-start=\"61\" data-end=\"83\">Cool Touch Komodin<\/strong>, modern tasar\u0131m\u0131 ve pratik i\u015flevselli\u011fiyle yatak odan\u0131za \u015f\u0131kl\u0131k katarken,<br \/>\nihtiyac\u0131n\u0131z olan t\u00fcm depolama alan\u0131n\u0131 sunar. Dayan\u0131kl\u0131 yap\u0131s\u0131 ve zarif \u00e7izgileri, odan\u0131z\u0131n dekorasyonuna kusursuz bir uyum sa\u011flar.<br \/>\nYumu\u015fak dokusu ve \u015f\u0131k detaylar\u0131yla Cool Touch Komodin, yatak odan\u0131z\u0131 hem estetik hem de fonksiyonel a\u00e7\u0131dan tamamlar.<\/p>\n","protected":false},"excerpt":{"rendered":"<p>Cool Touch Komodin, modern tasar\u0131m\u0131 ve pratik i\u015flevselli\u011fiyle yatak odan\u0131za \u015f\u0131kl\u0131k katarken, ihtiyac\u0131n\u0131z olan t\u00fcm depolama alan\u0131n\u0131 sunar. Dayan\u0131kl\u0131 yap\u0131s\u0131<\/p>\n","protected":false},"featured_media":1591,"comment_status":"open","ping_status":"closed","template":"","meta":{"_uag_custom_page_level_css":""},"product_brand":[],"product_cat":[106,138],"product_tag":[],"class_list":{"0":"post-1590","1":"product","2":"type-product","3":"status-publish","4":"has-post-thumbnail","6":"product_cat-komodin","7":"product_cat-aksesuarlar","9":"first","10":"instock","11":"taxable","12":"shipping-taxable","13":"purchasable","14":"product-type-simple"},"uagb_featured_image_src":{"full":["https:\/\/ozkurtmobilya.com\/wp-content\/uploads\/2025\/11\/cool-touch-komodin.webp",1920,1617,false],"thumbnail":["https:\/\/ozkurtmobilya.com\/wp-content\/uploads\/2025\/11\/cool-touch-komodin-150x150.webp",150,150,true],"medium":["https:\/\/ozkurtmobilya.com\/wp-content\/uploads\/2025\/11\/cool-touch-komodin-300x253.webp",300,253,true],"medium_large":["https:\/\/ozkurtmobilya.com\/wp-content\/uploads\/2025\/11\/cool-touch-komodin-768x647.webp",768,647,true],"large":["https:\/\/ozkurtmobilya.com\/wp-content\/uploads\/2025\/11\/cool-touch-komodin-1024x862.webp",1024,862,true],"1536x1536":["https:\/\/ozkurtmobilya.com\/wp-content\/uploads\/2025\/11\/cool-touch-komodin-1536x1294.webp",1536,1294,true],"2048x2048":["https:\/\/ozkurtmobilya.com\/wp-content\/uploads\/2025\/11\/cool-touch-komodin.webp",1920,1617,false],"woocommerce_thumbnail":["https:\/\/ozkurtmobilya.com\/wp-content\/uploads\/2025\/11\/cool-touch-komodin-600x600.webp",600,600,true],"woocommerce_single":["https:\/\/ozkurtmobilya.com\/wp-content\/uploads\/2025\/11\/cool-touch-komodin-1200x1011.webp",1200,1011,true],"woocommerce_gallery_thumbnail":["https:\/\/ozkurtmobilya.com\/wp-content\/uploads\/2025\/11\/cool-touch-komodin-150x126.webp",150,126,true]},"uagb_author_info":{"display_name":"emre ozkurt","author_link":"https:\/\/ozkurtmobilya.com\/?author=0"},"uagb_comment_info":0,"uagb_excerpt":"Cool Touch Komodin, modern tasar\u0131m\u0131 ve pratik i\u015flevselli\u011fiyle yatak odan\u0131za \u015f\u0131kl\u0131k katarken, ihtiyac\u0131n\u0131z olan t\u00fcm depolama alan\u0131n\u0131 sunar. Dayan\u0131kl\u0131 yap\u0131s\u0131","_links":{"self":[{"href":"https:\/\/ozkurtmobilya.com\/index.php?rest_route=\/wp\/v2\/product\/1590","targetHints":{"allow":["GET"]}}],"collection":[{"href":"https:\/\/ozkurtmobilya.com\/index.php?rest_route=\/wp\/v2\/product"}],"about":[{"href":"https:\/\/ozkurtmobilya.com\/index.php?rest_route=\/wp\/v2\/types\/product"}],"replies":[{"embeddable":true,"href":"https:\/\/ozkurtmobilya.com\/index.php?rest_route=%2Fwp%2Fv2%2Fcomments&post=1590"}],"wp:featuredmedia":[{"embeddable":true,"href":"https:\/\/ozkurtmobilya.com\/index.php?rest_route=\/wp\/v2\/media\/1591"}],"wp:attachment":[{"href":"https:\/\/ozkurtmobilya.com\/index.php?rest_route=%2Fwp%2Fv2%2Fmedia&parent=1590"}],"wp:term":[{"taxonomy":"product_brand","embeddable":true,"href":"https:\/\/ozkurtmobilya.com\/index.php?rest_route=%2Fwp%2Fv2%2Fproduct_brand&post=1590"},{"taxonomy":"product_cat","embeddable":true,"href":"https:\/\/ozkurtmobilya.com\/index.php?rest_route=%2Fwp%2Fv2%2Fproduct_cat&post=1590"},{"taxonomy":"product_tag","embeddable":true,"href":"https:\/\/ozkurtmobilya.com\/index.php?rest_route=%2Fwp%2Fv2%2Fproduct_tag&post=1590"}],"curies":[{"name":"wp","href":"https:\/\/api.w.org\/{rel}","templated":true}]}}