{"id":1588,"date":"2025-11-12T13:56:18","date_gmt":"2025-11-12T13:56:18","guid":{"rendered":"https:\/\/ozkurtmobilya.com\/?post_type=product&#038;p=1588"},"modified":"2025-11-13T09:22:20","modified_gmt":"2025-11-13T09:22:20","slug":"bohem-komodin","status":"publish","type":"product","link":"https:\/\/ozkurtmobilya.com\/?product=bohem-komodin","title":{"rendered":"Bohem Komodin"},"content":{"rendered":"<p><strong data-start=\"65\" data-end=\"82\">Bohem Komodin<\/strong>, modern ve bohem tarz\u0131n\u0131 bir araya getirerek yatak odan\u0131za \u015f\u0131kl\u0131k ve fonksiyonellik katar.<br \/>\nZarif tasar\u0131m\u0131 ve dayan\u0131kl\u0131 yap\u0131s\u0131 ile uzun \u00f6m\u00fcrl\u00fc kullan\u0131m sa\u011flar.<\/p>\n<p>Komodinin geni\u015f \u00e7ekmeceleri, her t\u00fcrl\u00fc e\u015fyay\u0131 d\u00fczenli bir \u015fekilde saklama imkan\u0131 sunar, ayr\u0131ca yumu\u015fak dokusu ve estetik detaylar\u0131yla odan\u0131za s\u0131cak ve davetkar bir hava katar.<\/p>\n<p>\u00d6l\u00e7\u00fcler: 54x48x51<\/p>\n","protected":false},"excerpt":{"rendered":"<p>Bohem Komodin, modern ve bohem tarz\u0131n\u0131 bir araya getirerek yatak odan\u0131za \u015f\u0131kl\u0131k ve fonksiyonellik katar. Zarif tasar\u0131m\u0131 ve dayan\u0131kl\u0131 yap\u0131s\u0131<\/p>\n","protected":false},"featured_media":1589,"comment_status":"open","ping_status":"closed","template":"","meta":{"_uag_custom_page_level_css":""},"product_brand":[],"product_cat":[106,138],"product_tag":[],"class_list":{"0":"post-1588","1":"product","2":"type-product","3":"status-publish","4":"has-post-thumbnail","6":"product_cat-komodin","7":"product_cat-aksesuarlar","9":"first","10":"instock","11":"taxable","12":"shipping-taxable","13":"purchasable","14":"product-type-simple"},"uagb_featured_image_src":{"full":["https:\/\/ozkurtmobilya.com\/wp-content\/uploads\/2025\/11\/bohem-komodin.webp",1920,1587,false],"thumbnail":["https:\/\/ozkurtmobilya.com\/wp-content\/uploads\/2025\/11\/bohem-komodin-150x150.webp",150,150,true],"medium":["https:\/\/ozkurtmobilya.com\/wp-content\/uploads\/2025\/11\/bohem-komodin-300x248.webp",300,248,true],"medium_large":["https:\/\/ozkurtmobilya.com\/wp-content\/uploads\/2025\/11\/bohem-komodin-768x635.webp",768,635,true],"large":["https:\/\/ozkurtmobilya.com\/wp-content\/uploads\/2025\/11\/bohem-komodin-1024x846.webp",1024,846,true],"1536x1536":["https:\/\/ozkurtmobilya.com\/wp-content\/uploads\/2025\/11\/bohem-komodin-1536x1270.webp",1536,1270,true],"2048x2048":["https:\/\/ozkurtmobilya.com\/wp-content\/uploads\/2025\/11\/bohem-komodin.webp",1920,1587,false],"woocommerce_thumbnail":["https:\/\/ozkurtmobilya.com\/wp-content\/uploads\/2025\/11\/bohem-komodin-600x600.webp",600,600,true],"woocommerce_single":["https:\/\/ozkurtmobilya.com\/wp-content\/uploads\/2025\/11\/bohem-komodin-1200x992.webp",1200,992,true],"woocommerce_gallery_thumbnail":["https:\/\/ozkurtmobilya.com\/wp-content\/uploads\/2025\/11\/bohem-komodin-150x124.webp",150,124,true]},"uagb_author_info":{"display_name":"emre ozkurt","author_link":"https:\/\/ozkurtmobilya.com\/?author=0"},"uagb_comment_info":0,"uagb_excerpt":"Bohem Komodin, modern ve bohem tarz\u0131n\u0131 bir araya getirerek yatak odan\u0131za \u015f\u0131kl\u0131k ve fonksiyonellik katar. Zarif tasar\u0131m\u0131 ve dayan\u0131kl\u0131 yap\u0131s\u0131","_links":{"self":[{"href":"https:\/\/ozkurtmobilya.com\/index.php?rest_route=\/wp\/v2\/product\/1588","targetHints":{"allow":["GET"]}}],"collection":[{"href":"https:\/\/ozkurtmobilya.com\/index.php?rest_route=\/wp\/v2\/product"}],"about":[{"href":"https:\/\/ozkurtmobilya.com\/index.php?rest_route=\/wp\/v2\/types\/product"}],"replies":[{"embeddable":true,"href":"https:\/\/ozkurtmobilya.com\/index.php?rest_route=%2Fwp%2Fv2%2Fcomments&post=1588"}],"wp:featuredmedia":[{"embeddable":true,"href":"https:\/\/ozkurtmobilya.com\/index.php?rest_route=\/wp\/v2\/media\/1589"}],"wp:attachment":[{"href":"https:\/\/ozkurtmobilya.com\/index.php?rest_route=%2Fwp%2Fv2%2Fmedia&parent=1588"}],"wp:term":[{"taxonomy":"product_brand","embeddable":true,"href":"https:\/\/ozkurtmobilya.com\/index.php?rest_route=%2Fwp%2Fv2%2Fproduct_brand&post=1588"},{"taxonomy":"product_cat","embeddable":true,"href":"https:\/\/ozkurtmobilya.com\/index.php?rest_route=%2Fwp%2Fv2%2Fproduct_cat&post=1588"},{"taxonomy":"product_tag","embeddable":true,"href":"https:\/\/ozkurtmobilya.com\/index.php?rest_route=%2Fwp%2Fv2%2Fproduct_tag&post=1588"}],"curies":[{"name":"wp","href":"https:\/\/api.w.org\/{rel}","templated":true}]}}