{"id":1585,"date":"2025-11-12T13:55:25","date_gmt":"2025-11-12T13:55:25","guid":{"rendered":"https:\/\/ozkurtmobilya.com\/?post_type=product&#038;p=1585"},"modified":"2025-11-13T09:22:20","modified_gmt":"2025-11-13T09:22:20","slug":"clouds-komodin","status":"publish","type":"product","link":"https:\/\/ozkurtmobilya.com\/?product=clouds-komodin","title":{"rendered":"Clouds Komodin"},"content":{"rendered":"<p style=\"font-weight: 400\" data-start=\"73\" data-end=\"134\"><b><strong data-start=\"73\" data-end=\"132\">Clouds: Bulutlar\u0131n Hafifli\u011fi, Modern Tasar\u0131m\u0131n Zarafeti<\/strong><\/b><\/p>\n<p style=\"font-weight: 400\" data-start=\"136\" data-end=\"399\">Ad\u0131n\u0131 bulutlardan alan minimalist tasar\u0131m\u0131yla\u00a0<b><strong data-start=\"182\" data-end=\"192\">Clouds<\/strong><\/b>, yatak odan\u0131za modern ve zarif bir dokunu\u015f kat\u0131yor.<br \/>\nSadelik ve \u015f\u0131kl\u0131\u011f\u0131n m\u00fckemmel uyumunu sunan bu komodin, odan\u0131z\u0131n atmosferini hafif ve ferah hale getiriyor.<\/p>\n<p>\u00d6l\u00e7\u00fcler: 52x48x51<\/p>\n","protected":false},"excerpt":{"rendered":"<p>Clouds: Bulutlar\u0131n Hafifli\u011fi, Modern Tasar\u0131m\u0131n Zarafeti Ad\u0131n\u0131 bulutlardan alan minimalist tasar\u0131m\u0131yla\u00a0Clouds, yatak odan\u0131za modern ve zarif bir dokunu\u015f kat\u0131yor. Sadelik<\/p>\n","protected":false},"featured_media":1587,"comment_status":"open","ping_status":"closed","template":"","meta":{"_uag_custom_page_level_css":""},"product_brand":[],"product_cat":[106,138],"product_tag":[],"class_list":{"0":"post-1585","1":"product","2":"type-product","3":"status-publish","4":"has-post-thumbnail","6":"product_cat-komodin","7":"product_cat-aksesuarlar","9":"first","10":"instock","11":"taxable","12":"shipping-taxable","13":"purchasable","14":"product-type-simple"},"uagb_featured_image_src":{"full":["https:\/\/ozkurtmobilya.com\/wp-content\/uploads\/2025\/11\/clouds-komodin-2_min.webp",960,640,false],"thumbnail":["https:\/\/ozkurtmobilya.com\/wp-content\/uploads\/2025\/11\/clouds-komodin-2_min-150x150.webp",150,150,true],"medium":["https:\/\/ozkurtmobilya.com\/wp-content\/uploads\/2025\/11\/clouds-komodin-2_min-300x200.webp",300,200,true],"medium_large":["https:\/\/ozkurtmobilya.com\/wp-content\/uploads\/2025\/11\/clouds-komodin-2_min-768x512.webp",768,512,true],"large":["https:\/\/ozkurtmobilya.com\/wp-content\/uploads\/2025\/11\/clouds-komodin-2_min.webp",960,640,false],"1536x1536":["https:\/\/ozkurtmobilya.com\/wp-content\/uploads\/2025\/11\/clouds-komodin-2_min.webp",960,640,false],"2048x2048":["https:\/\/ozkurtmobilya.com\/wp-content\/uploads\/2025\/11\/clouds-komodin-2_min.webp",960,640,false],"woocommerce_thumbnail":["https:\/\/ozkurtmobilya.com\/wp-content\/uploads\/2025\/11\/clouds-komodin-2_min-600x600.webp",600,600,true],"woocommerce_single":["https:\/\/ozkurtmobilya.com\/wp-content\/uploads\/2025\/11\/clouds-komodin-2_min.webp",960,640,false],"woocommerce_gallery_thumbnail":["https:\/\/ozkurtmobilya.com\/wp-content\/uploads\/2025\/11\/clouds-komodin-2_min-150x100.webp",150,100,true]},"uagb_author_info":{"display_name":"emre ozkurt","author_link":"https:\/\/ozkurtmobilya.com\/?author=0"},"uagb_comment_info":0,"uagb_excerpt":"Clouds: Bulutlar\u0131n Hafifli\u011fi, Modern Tasar\u0131m\u0131n Zarafeti Ad\u0131n\u0131 bulutlardan alan minimalist tasar\u0131m\u0131yla\u00a0Clouds, yatak odan\u0131za modern ve zarif bir dokunu\u015f kat\u0131yor. Sadelik","_links":{"self":[{"href":"https:\/\/ozkurtmobilya.com\/index.php?rest_route=\/wp\/v2\/product\/1585","targetHints":{"allow":["GET"]}}],"collection":[{"href":"https:\/\/ozkurtmobilya.com\/index.php?rest_route=\/wp\/v2\/product"}],"about":[{"href":"https:\/\/ozkurtmobilya.com\/index.php?rest_route=\/wp\/v2\/types\/product"}],"replies":[{"embeddable":true,"href":"https:\/\/ozkurtmobilya.com\/index.php?rest_route=%2Fwp%2Fv2%2Fcomments&post=1585"}],"wp:featuredmedia":[{"embeddable":true,"href":"https:\/\/ozkurtmobilya.com\/index.php?rest_route=\/wp\/v2\/media\/1587"}],"wp:attachment":[{"href":"https:\/\/ozkurtmobilya.com\/index.php?rest_route=%2Fwp%2Fv2%2Fmedia&parent=1585"}],"wp:term":[{"taxonomy":"product_brand","embeddable":true,"href":"https:\/\/ozkurtmobilya.com\/index.php?rest_route=%2Fwp%2Fv2%2Fproduct_brand&post=1585"},{"taxonomy":"product_cat","embeddable":true,"href":"https:\/\/ozkurtmobilya.com\/index.php?rest_route=%2Fwp%2Fv2%2Fproduct_cat&post=1585"},{"taxonomy":"product_tag","embeddable":true,"href":"https:\/\/ozkurtmobilya.com\/index.php?rest_route=%2Fwp%2Fv2%2Fproduct_tag&post=1585"}],"curies":[{"name":"wp","href":"https:\/\/api.w.org\/{rel}","templated":true}]}}