{"id":1582,"date":"2025-11-12T13:54:04","date_gmt":"2025-11-12T13:54:04","guid":{"rendered":"https:\/\/ozkurtmobilya.com\/?post_type=product&#038;p=1582"},"modified":"2025-11-13T09:22:20","modified_gmt":"2025-11-13T09:22:20","slug":"carbon-komodin","status":"publish","type":"product","link":"https:\/\/ozkurtmobilya.com\/?product=carbon-komodin","title":{"rendered":"Carbon Komodin"},"content":{"rendered":"<div>Tasar\u0131m\u0131 ve i\u015f\u00e7ili\u011fiyle fark yaratan bir mobilya par\u00e7as\u0131d\u0131r. Carbon komodin, \u00fcst\u00fcn teknoloji ve zanaatkarl\u0131kla harmanlanan bu \u015f\u0131k komodin,<br \/>\ni\u00e7 mekanlara sofistike bir zarafet ve modern bir \u00e7ekicilik getirirken ayn\u0131 zamanda uzun y\u0131llar boyunca kusursuz bir performans sunar.<\/div>\n<div>\n<p><strong>Kusursuz \u0130\u015f\u00e7ilik ve Detaylara Odaklanma<\/strong><\/p>\n<p>Carbon Komodin, tasar\u0131m ve \u00fcretim s\u00fcrecinde kusursuz i\u015f\u00e7ilik ve en y\u00fcksek kalite standartlar\u0131na odaklan\u0131r.<br \/>\nSadece en de\u011ferli element d\u00fcnyan\u0131n en de\u011ferli m\u00fccevherine d\u00f6n\u00fc\u015f\u00fcr. Karbondan ilham al\u0131nan komodin kusursuz bir i\u015f\u00e7ilikle m\u00fccevher gibi tasarlanm\u0131\u015ft\u0131r.<\/p>\n<\/div>\n<div><\/div>\n<div>Yatak Odan\u0131za \u0130\u015flevsellik Kat\u0131cak ve<\/div>\n<div>Kendine Has Tarz\u0131yla Dekoratif\u00a0Bir Tamamlay\u0131c\u0131 Olacak.<\/p>\n<p>\u00d6l\u00e7\u00fcler: 46x53x60<\/p><\/div>\n","protected":false},"excerpt":{"rendered":"<p>Tasar\u0131m\u0131 ve i\u015f\u00e7ili\u011fiyle fark yaratan bir mobilya par\u00e7as\u0131d\u0131r. Carbon komodin, \u00fcst\u00fcn teknoloji ve zanaatkarl\u0131kla harmanlanan bu \u015f\u0131k komodin, i\u00e7 mekanlara<\/p>\n","protected":false},"featured_media":1583,"comment_status":"open","ping_status":"closed","template":"","meta":{"_uag_custom_page_level_css":""},"product_brand":[],"product_cat":[106,138],"product_tag":[],"class_list":{"0":"post-1582","1":"product","2":"type-product","3":"status-publish","4":"has-post-thumbnail","6":"product_cat-komodin","7":"product_cat-aksesuarlar","9":"first","10":"instock","11":"sale","12":"taxable","13":"shipping-taxable","14":"purchasable","15":"product-type-simple"},"uagb_featured_image_src":{"full":["https:\/\/ozkurtmobilya.com\/wp-content\/uploads\/2025\/11\/carbon-komodin-armis-yatak-002_min.jpg",360,360,false],"thumbnail":["https:\/\/ozkurtmobilya.com\/wp-content\/uploads\/2025\/11\/carbon-komodin-armis-yatak-002_min-150x150.jpg",150,150,true],"medium":["https:\/\/ozkurtmobilya.com\/wp-content\/uploads\/2025\/11\/carbon-komodin-armis-yatak-002_min-300x300.jpg",300,300,true],"medium_large":["https:\/\/ozkurtmobilya.com\/wp-content\/uploads\/2025\/11\/carbon-komodin-armis-yatak-002_min.jpg",360,360,false],"large":["https:\/\/ozkurtmobilya.com\/wp-content\/uploads\/2025\/11\/carbon-komodin-armis-yatak-002_min.jpg",360,360,false],"1536x1536":["https:\/\/ozkurtmobilya.com\/wp-content\/uploads\/2025\/11\/carbon-komodin-armis-yatak-002_min.jpg",360,360,false],"2048x2048":["https:\/\/ozkurtmobilya.com\/wp-content\/uploads\/2025\/11\/carbon-komodin-armis-yatak-002_min.jpg",360,360,false],"woocommerce_thumbnail":["https:\/\/ozkurtmobilya.com\/wp-content\/uploads\/2025\/11\/carbon-komodin-armis-yatak-002_min.jpg",360,360,false],"woocommerce_single":["https:\/\/ozkurtmobilya.com\/wp-content\/uploads\/2025\/11\/carbon-komodin-armis-yatak-002_min.jpg",360,360,false],"woocommerce_gallery_thumbnail":["https:\/\/ozkurtmobilya.com\/wp-content\/uploads\/2025\/11\/carbon-komodin-armis-yatak-002_min-150x150.jpg",150,150,true]},"uagb_author_info":{"display_name":"emre ozkurt","author_link":"https:\/\/ozkurtmobilya.com\/?author=0"},"uagb_comment_info":0,"uagb_excerpt":"Tasar\u0131m\u0131 ve i\u015f\u00e7ili\u011fiyle fark yaratan bir mobilya par\u00e7as\u0131d\u0131r. Carbon komodin, \u00fcst\u00fcn teknoloji ve zanaatkarl\u0131kla harmanlanan bu \u015f\u0131k komodin, i\u00e7 mekanlara","_links":{"self":[{"href":"https:\/\/ozkurtmobilya.com\/index.php?rest_route=\/wp\/v2\/product\/1582","targetHints":{"allow":["GET"]}}],"collection":[{"href":"https:\/\/ozkurtmobilya.com\/index.php?rest_route=\/wp\/v2\/product"}],"about":[{"href":"https:\/\/ozkurtmobilya.com\/index.php?rest_route=\/wp\/v2\/types\/product"}],"replies":[{"embeddable":true,"href":"https:\/\/ozkurtmobilya.com\/index.php?rest_route=%2Fwp%2Fv2%2Fcomments&post=1582"}],"wp:featuredmedia":[{"embeddable":true,"href":"https:\/\/ozkurtmobilya.com\/index.php?rest_route=\/wp\/v2\/media\/1583"}],"wp:attachment":[{"href":"https:\/\/ozkurtmobilya.com\/index.php?rest_route=%2Fwp%2Fv2%2Fmedia&parent=1582"}],"wp:term":[{"taxonomy":"product_brand","embeddable":true,"href":"https:\/\/ozkurtmobilya.com\/index.php?rest_route=%2Fwp%2Fv2%2Fproduct_brand&post=1582"},{"taxonomy":"product_cat","embeddable":true,"href":"https:\/\/ozkurtmobilya.com\/index.php?rest_route=%2Fwp%2Fv2%2Fproduct_cat&post=1582"},{"taxonomy":"product_tag","embeddable":true,"href":"https:\/\/ozkurtmobilya.com\/index.php?rest_route=%2Fwp%2Fv2%2Fproduct_tag&post=1582"}],"curies":[{"name":"wp","href":"https:\/\/api.w.org\/{rel}","templated":true}]}}