{"id":1489,"date":"2025-11-12T12:24:42","date_gmt":"2025-11-12T12:24:42","guid":{"rendered":"https:\/\/ozkurtmobilya.com\/?post_type=product&#038;p=1489"},"modified":"2025-11-12T12:24:43","modified_gmt":"2025-11-12T12:24:43","slug":"alegra-uyku-seti","status":"publish","type":"product","link":"https:\/\/ozkurtmobilya.com\/?product=alegra-uyku-seti","title":{"rendered":"Alegra Uyku Seti"},"content":{"rendered":"<p>Alegra Yatak Seti, inovasyon ve konforun m\u00fckemmel uyumunu sunar.<br \/>\nHyper soft s\u00fcnger ve yo\u011funla\u015ft\u0131r\u0131lm\u0131\u015f s\u00fcnger birle\u015fimiyle bel ve basen b\u00f6lgesine tam destek sa\u011flar.<br \/>\nOmurga dostu sert yap\u0131s\u0131 ile sa\u011fl\u0131kl\u0131 bir uyku deneyimi sunarken, nefes alabilir s\u00fcnger yap\u0131s\u0131 terlemeyi engeller.<\/p>\n<p>&#x25aa;&#xfe0f; Hyper Soft S\u00fcnger ve Yo\u011funla\u015ft\u0131r\u0131lm\u0131\u015f S\u00fcnger<\/p>\n<p>&#x25aa;&#xfe0f; Bel ve Basen Deste\u011fi &#x25aa;&#xfe0f; Nefes Alabilir S\u00fcnger Yap\u0131s\u0131<\/p>\n<p>&#x25aa;&#xfe0f; Omurga Dostu Sert Yap\u0131<\/p>\n<p>&nbsp;<\/p>\n<p>&#x25aa;&#xfe0f; Uzun \u00d6m\u00fcrl\u00fc ve Dayan\u0131kl\u0131 Malzemeler<\/p>\n","protected":false},"excerpt":{"rendered":"<p>Alegra Yatak Seti, inovasyon ve konforun m\u00fckemmel uyumunu sunar. Hyper soft s\u00fcnger ve yo\u011funla\u015ft\u0131r\u0131lm\u0131\u015f s\u00fcnger birle\u015fimiyle bel ve basen b\u00f6lgesine<\/p>\n","protected":false},"featured_media":1490,"comment_status":"open","ping_status":"closed","template":"","meta":{"_uag_custom_page_level_css":""},"product_brand":[],"product_cat":[37,38],"product_tag":[],"class_list":{"0":"post-1489","1":"product","2":"type-product","3":"status-publish","4":"has-post-thumbnail","6":"product_cat-uyku-seti","7":"product_cat-yataklar","9":"first","10":"instock","11":"sale","12":"taxable","13":"shipping-taxable","14":"purchasable","15":"product-type-simple"},"uagb_featured_image_src":{"full":["https:\/\/ozkurtmobilya.com\/wp-content\/uploads\/2025\/11\/25.webp",1650,1100,false],"thumbnail":["https:\/\/ozkurtmobilya.com\/wp-content\/uploads\/2025\/11\/25-150x150.webp",150,150,true],"medium":["https:\/\/ozkurtmobilya.com\/wp-content\/uploads\/2025\/11\/25-300x200.webp",300,200,true],"medium_large":["https:\/\/ozkurtmobilya.com\/wp-content\/uploads\/2025\/11\/25-768x512.webp",768,512,true],"large":["https:\/\/ozkurtmobilya.com\/wp-content\/uploads\/2025\/11\/25-1024x683.webp",1024,683,true],"1536x1536":["https:\/\/ozkurtmobilya.com\/wp-content\/uploads\/2025\/11\/25-1536x1024.webp",1536,1024,true],"2048x2048":["https:\/\/ozkurtmobilya.com\/wp-content\/uploads\/2025\/11\/25.webp",1650,1100,false],"woocommerce_thumbnail":["https:\/\/ozkurtmobilya.com\/wp-content\/uploads\/2025\/11\/25-600x600.webp",600,600,true],"woocommerce_single":["https:\/\/ozkurtmobilya.com\/wp-content\/uploads\/2025\/11\/25-1200x800.webp",1200,800,true],"woocommerce_gallery_thumbnail":["https:\/\/ozkurtmobilya.com\/wp-content\/uploads\/2025\/11\/25-150x100.webp",150,100,true]},"uagb_author_info":{"display_name":"emre ozkurt","author_link":"https:\/\/ozkurtmobilya.com\/?author=0"},"uagb_comment_info":0,"uagb_excerpt":"Alegra Yatak Seti, inovasyon ve konforun m\u00fckemmel uyumunu sunar. Hyper soft s\u00fcnger ve yo\u011funla\u015ft\u0131r\u0131lm\u0131\u015f s\u00fcnger birle\u015fimiyle bel ve basen b\u00f6lgesine","_links":{"self":[{"href":"https:\/\/ozkurtmobilya.com\/index.php?rest_route=\/wp\/v2\/product\/1489","targetHints":{"allow":["GET"]}}],"collection":[{"href":"https:\/\/ozkurtmobilya.com\/index.php?rest_route=\/wp\/v2\/product"}],"about":[{"href":"https:\/\/ozkurtmobilya.com\/index.php?rest_route=\/wp\/v2\/types\/product"}],"replies":[{"embeddable":true,"href":"https:\/\/ozkurtmobilya.com\/index.php?rest_route=%2Fwp%2Fv2%2Fcomments&post=1489"}],"wp:featuredmedia":[{"embeddable":true,"href":"https:\/\/ozkurtmobilya.com\/index.php?rest_route=\/wp\/v2\/media\/1490"}],"wp:attachment":[{"href":"https:\/\/ozkurtmobilya.com\/index.php?rest_route=%2Fwp%2Fv2%2Fmedia&parent=1489"}],"wp:term":[{"taxonomy":"product_brand","embeddable":true,"href":"https:\/\/ozkurtmobilya.com\/index.php?rest_route=%2Fwp%2Fv2%2Fproduct_brand&post=1489"},{"taxonomy":"product_cat","embeddable":true,"href":"https:\/\/ozkurtmobilya.com\/index.php?rest_route=%2Fwp%2Fv2%2Fproduct_cat&post=1489"},{"taxonomy":"product_tag","embeddable":true,"href":"https:\/\/ozkurtmobilya.com\/index.php?rest_route=%2Fwp%2Fv2%2Fproduct_tag&post=1489"}],"curies":[{"name":"wp","href":"https:\/\/api.w.org\/{rel}","templated":true}]}}