{"id":7,"date":"2025-03-06T16:40:35","date_gmt":"2025-03-06T16:40:35","guid":{"rendered":"https:\/\/ozkurtmobilya.com\/?page_id=7"},"modified":"2025-10-28T16:46:24","modified_gmt":"2025-10-28T16:46:24","slug":"sepet","status":"publish","type":"page","link":"https:\/\/ozkurtmobilya.com\/?page_id=7","title":{"rendered":"Sepet"},"content":{"rendered":"\n<div data-block-name=\"woocommerce\/cart\" class=\"wp-block-woocommerce-cart alignwide is-loading\">\n<div data-block-name=\"woocommerce\/filled-cart-block\" class=\"wp-block-woocommerce-filled-cart-block\">\n<div data-block-name=\"woocommerce\/cart-items-block\" class=\"wp-block-woocommerce-cart-items-block\">\n<div data-block-name=\"woocommerce\/cart-line-items-block\" class=\"wp-block-woocommerce-cart-line-items-block\"><\/div>\n\n\n\n<div data-block-name=\"woocommerce\/cart-cross-sells-block\" class=\"wp-block-woocommerce-cart-cross-sells-block\">\n<h2 class=\"wp-block-heading has-large-font-size\">\u0130lginizi \u00e7ekebilir\u2026<\/h2>\n\n\n\n<div data-block-name=\"woocommerce\/cart-cross-sells-products-block\" class=\"wp-block-woocommerce-cart-cross-sells-products-block\"><\/div>\n<\/div>\n<\/div>\n\n\n\n<div data-block-name=\"woocommerce\/cart-totals-block\" class=\"wp-block-woocommerce-cart-totals-block\">\n<div data-block-name=\"woocommerce\/cart-order-summary-block\" class=\"wp-block-woocommerce-cart-order-summary-block\">\n<div data-block-name=\"woocommerce\/cart-order-summary-heading-block\" class=\"wp-block-woocommerce-cart-order-summary-heading-block\"><\/div><div data-block-name=\"woocommerce\/cart-order-summary-coupon-form-block\" class=\"wp-block-woocommerce-cart-order-summary-coupon-form-block\"><\/div><div data-block-name=\"woocommerce\/cart-order-summary-totals-block\" class=\"wp-block-woocommerce-cart-order-summary-totals-block\">\n<div data-block-name=\"woocommerce\/cart-order-summary-subtotal-block\" class=\"wp-block-woocommerce-cart-order-summary-subtotal-block\"><\/div>\n<div data-block-name=\"woocommerce\/cart-order-summary-discount-block\" class=\"wp-block-woocommerce-cart-order-summary-discount-block\"><\/div>\n<div data-block-name=\"woocommerce\/cart-order-summary-fee-block\" class=\"wp-block-woocommerce-cart-order-summary-fee-block\"><\/div>\n<div data-block-name=\"woocommerce\/cart-order-summary-shipping-block\" class=\"wp-block-woocommerce-cart-order-summary-shipping-block\"><\/div>\n<div data-block-name=\"woocommerce\/cart-order-summary-taxes-block\" class=\"wp-block-woocommerce-cart-order-summary-taxes-block\"><\/div><\/div>\n<\/div>\n\n\n\n<div data-block-name=\"woocommerce\/cart-express-payment-block\" class=\"wp-block-woocommerce-cart-express-payment-block\"><\/div>\n\n\n\n<div data-block-name=\"woocommerce\/proceed-to-checkout-block\" class=\"wp-block-woocommerce-proceed-to-checkout-block\"><\/div>\n\n\n\n<div data-block-name=\"woocommerce\/cart-accepted-payment-methods-block\" class=\"wp-block-woocommerce-cart-accepted-payment-methods-block\"><\/div>\n<\/div>\n<\/div>\n\n\n\n<div data-block-name=\"woocommerce\/empty-cart-block\" class=\"wp-block-woocommerce-empty-cart-block\">\n<h2 class=\"wp-block-heading has-text-align-center with-empty-cart-icon wc-block-cart__empty-cart__title\">Sepetiniz \u015fu anda bo\u015f!<\/h2>\n\n\n\n<hr class=\"wp-block-separator has-alpha-channel-opacity is-style-dots\"\/>\n\n\n\n<h2 class=\"wp-block-heading has-text-align-center\">Ma\u011fazada yeni<\/h2>\n\n\n<div data-block-name=\"woocommerce\/product-new\" data-columns=\"4\" data-rows=\"1\" class=\"wc-block-grid wp-block-product-new wp-block-woocommerce-product-new wc-block-product-new has-4-columns\"><ul class=\"wc-block-grid__products\"><li class=\"wc-block-grid__product\">\n\t\t\t\t<a href=\"https:\/\/ozkurtmobilya.com\/?product=4-kapakli-lira-dolap\" class=\"wc-block-grid__product-link\">\n\t\t\t\t\t\n\t\t\t\t\t<div class=\"wc-block-grid__product-image\"><img loading=\"lazy\" decoding=\"async\" width=\"600\" height=\"600\" src=\"https:\/\/ozkurtmobilya.com\/wp-content\/uploads\/2025\/12\/71733025-f31d-4c19-9d72-232889b9739e-600x600.jpg\" class=\"attachment-woocommerce_thumbnail size-woocommerce_thumbnail\" alt=\"4 Kapakl\u0131 Lira Dolap\" srcset=\"https:\/\/ozkurtmobilya.com\/wp-content\/uploads\/2025\/12\/71733025-f31d-4c19-9d72-232889b9739e-600x600.jpg 600w, https:\/\/ozkurtmobilya.com\/wp-content\/uploads\/2025\/12\/71733025-f31d-4c19-9d72-232889b9739e-150x150.jpg 150w\" sizes=\"auto, (max-width: 600px) 100vw, 600px\" \/><\/div>\n\t\t\t\t\t<div class=\"wc-block-grid__product-title\">4 Kapakl\u0131 Lira Dolap<\/div>\n\t\t\t\t<\/a>\n\t\t\t\t<div class=\"wc-block-grid__product-price price\"><span class=\"woocommerce-Price-amount amount\"><span class=\"woocommerce-Price-currencySymbol\">&#8378;<\/span>18.500,00<\/span><\/div>\n\t\t\t\t\n\t\t\t\t<div class=\"wp-block-button wc-block-grid__product-add-to-cart\"><a href=\"\/index.php?rest_route=%2Fwp%2Fv2%2Fpages%2F7&#038;add-to-cart=2637\" aria-label=\"Sepete ekle: \u201c4 Kapakl\u0131 Lira Dolap\u201d\" data-quantity=\"1\" data-product_id=\"2637\" data-product_sku=\"\" data-price=\"18500\" rel=\"nofollow\" class=\"wp-block-button__link  add_to_cart_button ajax_add_to_cart\">Sepete Ekle<\/a><\/div>\n\t\t\t<\/li><li class=\"wc-block-grid__product\">\n\t\t\t\t<a href=\"https:\/\/ozkurtmobilya.com\/?product=afsin-yemek-odasi-takimi\" class=\"wc-block-grid__product-link\">\n\t\t\t\t\t\n\t\t\t\t\t<div class=\"wc-block-grid__product-image\"><img loading=\"lazy\" decoding=\"async\" width=\"600\" height=\"600\" src=\"https:\/\/ozkurtmobilya.com\/wp-content\/uploads\/2025\/11\/Ekran-goruntusu-2025-11-21-112055-600x600.png\" class=\"attachment-woocommerce_thumbnail size-woocommerce_thumbnail\" alt=\"Afsin Yemek Odas\u0131 Tak\u0131m\u0131\" srcset=\"https:\/\/ozkurtmobilya.com\/wp-content\/uploads\/2025\/11\/Ekran-goruntusu-2025-11-21-112055-600x600.png 600w, https:\/\/ozkurtmobilya.com\/wp-content\/uploads\/2025\/11\/Ekran-goruntusu-2025-11-21-112055-150x150.png 150w\" sizes=\"auto, (max-width: 600px) 100vw, 600px\" \/><\/div>\n\t\t\t\t\t<div class=\"wc-block-grid__product-title\">Afsin Yemek Odas\u0131 Tak\u0131m\u0131<\/div>\n\t\t\t\t<\/a>\n\t\t\t\t<div class=\"wc-block-grid__product-price price\"><span class=\"woocommerce-Price-amount amount\"><span class=\"woocommerce-Price-currencySymbol\">&#8378;<\/span>71.499,00<\/span><\/div>\n\t\t\t\t\n\t\t\t\t<div class=\"wp-block-button wc-block-grid__product-add-to-cart\"><a href=\"\/index.php?rest_route=%2Fwp%2Fv2%2Fpages%2F7&#038;add-to-cart=2617\" aria-label=\"Sepete ekle: \u201cAfsin Yemek Odas\u0131 Tak\u0131m\u0131\u201d\" data-quantity=\"1\" data-product_id=\"2617\" data-product_sku=\"\" data-price=\"71499\" rel=\"nofollow\" class=\"wp-block-button__link  add_to_cart_button ajax_add_to_cart\">Sepete Ekle<\/a><\/div>\n\t\t\t<\/li><li class=\"wc-block-grid__product\">\n\t\t\t\t<a href=\"https:\/\/ozkurtmobilya.com\/?product=kemer-yemek-odasi-takimi\" class=\"wc-block-grid__product-link\">\n\t\t\t\t\t\n\t\t\t\t\t<div class=\"wc-block-grid__product-image\"><img loading=\"lazy\" decoding=\"async\" width=\"600\" height=\"600\" src=\"https:\/\/ozkurtmobilya.com\/wp-content\/uploads\/2025\/11\/Ekran-goruntusu-2025-11-21-111936-600x600.png\" class=\"attachment-woocommerce_thumbnail size-woocommerce_thumbnail\" alt=\"Kemer Yemek Odas\u0131 Tak\u0131m\u0131\" srcset=\"https:\/\/ozkurtmobilya.com\/wp-content\/uploads\/2025\/11\/Ekran-goruntusu-2025-11-21-111936-600x600.png 600w, https:\/\/ozkurtmobilya.com\/wp-content\/uploads\/2025\/11\/Ekran-goruntusu-2025-11-21-111936-150x150.png 150w\" sizes=\"auto, (max-width: 600px) 100vw, 600px\" \/><\/div>\n\t\t\t\t\t<div class=\"wc-block-grid__product-title\">Kemer Yemek Odas\u0131 Tak\u0131m\u0131<\/div>\n\t\t\t\t<\/a>\n\t\t\t\t<div class=\"wc-block-grid__product-price price\"><span class=\"woocommerce-Price-amount amount\"><span class=\"woocommerce-Price-currencySymbol\">&#8378;<\/span>71.499,00<\/span><\/div>\n\t\t\t\t\n\t\t\t\t<div class=\"wp-block-button wc-block-grid__product-add-to-cart\"><a href=\"\/index.php?rest_route=%2Fwp%2Fv2%2Fpages%2F7&#038;add-to-cart=2613\" aria-label=\"Sepete ekle: \u201cKemer Yemek Odas\u0131 Tak\u0131m\u0131\u201d\" data-quantity=\"1\" data-product_id=\"2613\" data-product_sku=\"\" data-price=\"71499\" rel=\"nofollow\" class=\"wp-block-button__link  add_to_cart_button ajax_add_to_cart\">Sepete Ekle<\/a><\/div>\n\t\t\t<\/li><li class=\"wc-block-grid__product\">\n\t\t\t\t<a href=\"https:\/\/ozkurtmobilya.com\/?product=kestel-yemek-odasi-takimi\" class=\"wc-block-grid__product-link\">\n\t\t\t\t\t\n\t\t\t\t\t<div class=\"wc-block-grid__product-image\"><img loading=\"lazy\" decoding=\"async\" width=\"600\" height=\"600\" src=\"https:\/\/ozkurtmobilya.com\/wp-content\/uploads\/2025\/11\/Ekran-goruntusu-2025-11-21-111749-600x600.png\" class=\"attachment-woocommerce_thumbnail size-woocommerce_thumbnail\" alt=\"Kestel Yemek Odas\u0131 Tak\u0131m\u0131\" srcset=\"https:\/\/ozkurtmobilya.com\/wp-content\/uploads\/2025\/11\/Ekran-goruntusu-2025-11-21-111749-600x600.png 600w, https:\/\/ozkurtmobilya.com\/wp-content\/uploads\/2025\/11\/Ekran-goruntusu-2025-11-21-111749-150x150.png 150w\" sizes=\"auto, (max-width: 600px) 100vw, 600px\" \/><\/div>\n\t\t\t\t\t<div class=\"wc-block-grid__product-title\">Kestel Yemek Odas\u0131 Tak\u0131m\u0131<\/div>\n\t\t\t\t<\/a>\n\t\t\t\t<div class=\"wc-block-grid__product-price price\"><span class=\"woocommerce-Price-amount amount\"><span class=\"woocommerce-Price-currencySymbol\">&#8378;<\/span>71.499,00<\/span><\/div>\n\t\t\t\t\n\t\t\t\t<div class=\"wp-block-button wc-block-grid__product-add-to-cart\"><a href=\"\/index.php?rest_route=%2Fwp%2Fv2%2Fpages%2F7&#038;add-to-cart=2609\" aria-label=\"Sepete ekle: \u201cKestel Yemek Odas\u0131 Tak\u0131m\u0131\u201d\" data-quantity=\"1\" data-product_id=\"2609\" data-product_sku=\"\" data-price=\"71499\" rel=\"nofollow\" class=\"wp-block-button__link  add_to_cart_button ajax_add_to_cart\">Sepete Ekle<\/a><\/div>\n\t\t\t<\/li><\/ul><\/div><\/div>\n<\/div>\n","protected":false},"excerpt":{"rendered":"","protected":false},"author":1,"featured_media":0,"parent":0,"menu_order":0,"comment_status":"closed","ping_status":"closed","template":"","meta":{"_uag_custom_page_level_css":"","footnotes":""},"class_list":["post-7","page","type-page","status-publish","hentry"],"uagb_featured_image_src":{"full":false,"thumbnail":false,"medium":false,"medium_large":false,"large":false,"1536x1536":false,"2048x2048":false,"woocommerce_thumbnail":false,"woocommerce_single":false,"woocommerce_gallery_thumbnail":false},"uagb_author_info":{"display_name":"","author_link":"https:\/\/ozkurtmobilya.com\/?author=1"},"uagb_comment_info":0,"uagb_excerpt":null,"_links":{"self":[{"href":"https:\/\/ozkurtmobilya.com\/index.php?rest_route=\/wp\/v2\/pages\/7","targetHints":{"allow":["GET"]}}],"collection":[{"href":"https:\/\/ozkurtmobilya.com\/index.php?rest_route=\/wp\/v2\/pages"}],"about":[{"href":"https:\/\/ozkurtmobilya.com\/index.php?rest_route=\/wp\/v2\/types\/page"}],"author":[{"embeddable":true,"href":"https:\/\/ozkurtmobilya.com\/index.php?rest_route=\/wp\/v2\/users\/1"}],"replies":[{"embeddable":true,"href":"https:\/\/ozkurtmobilya.com\/index.php?rest_route=%2Fwp%2Fv2%2Fcomments&post=7"}],"version-history":[{"count":1,"href":"https:\/\/ozkurtmobilya.com\/index.php?rest_route=\/wp\/v2\/pages\/7\/revisions"}],"predecessor-version":[{"id":390,"href":"https:\/\/ozkurtmobilya.com\/index.php?rest_route=\/wp\/v2\/pages\/7\/revisions\/390"}],"wp:attachment":[{"href":"https:\/\/ozkurtmobilya.com\/index.php?rest_route=%2Fwp%2Fv2%2Fmedia&parent=7"}],"curies":[{"name":"wp","href":"https:\/\/api.w.org\/{rel}","templated":true}]}}