{"id":477,"date":"2024-07-16T11:33:40","date_gmt":"2024-07-16T11:33:40","guid":{"rendered":"https:\/\/dummy.xtemos.com\/woodmart2\/furniture2-gutenberg\/?page_id=182"},"modified":"2025-10-28T16:48:01","modified_gmt":"2025-10-28T16:48:01","slug":"compare","status":"publish","type":"page","link":"https:\/\/ozkurtmobilya.com\/?page_id=477","title":{"rendered":"Compare"},"content":{"rendered":"\t\t<p class=\"wd-empty-compare wd-empty-page\">\n\t\t\tKar\u015f\u0131la\u015ft\u0131rma listesi bo\u015f.\t\t<\/p>\n\t\t\t\t\t<div class=\"wd-empty-page-text\">\n\t\t\t\tNo products added in the compare list. You must add some products to compare them. You will find a lot of interesting products on our \"Shop\" page.\t\t\t<\/div>\n\t\t\t\t<p class=\"return-to-shop\">\n\t\t\t<a class=\"button\" href=\"https:\/\/ozkurtmobilya.com\/?page_id=738\">\n\t\t\t\tMa\u011fazaya d\u00f6n\t\t\t<\/a>\n\t\t<\/p>\n\t\t\n","protected":false},"excerpt":{"rendered":"","protected":false},"author":2,"featured_media":0,"parent":0,"menu_order":0,"comment_status":"closed","ping_status":"closed","template":"","meta":{"_uag_custom_page_level_css":"","footnotes":""},"class_list":["post-477","page","type-page","status-publish","hentry"],"uagb_featured_image_src":{"full":false,"thumbnail":false,"medium":false,"medium_large":false,"large":false,"1536x1536":false,"2048x2048":false,"woocommerce_thumbnail":false,"woocommerce_single":false,"woocommerce_gallery_thumbnail":false},"uagb_author_info":{"display_name":"mehmet ali akbay","author_link":"https:\/\/ozkurtmobilya.com\/?author=2"},"uagb_comment_info":0,"uagb_excerpt":null,"_links":{"self":[{"href":"https:\/\/ozkurtmobilya.com\/index.php?rest_route=\/wp\/v2\/pages\/477","targetHints":{"allow":["GET"]}}],"collection":[{"href":"https:\/\/ozkurtmobilya.com\/index.php?rest_route=\/wp\/v2\/pages"}],"about":[{"href":"https:\/\/ozkurtmobilya.com\/index.php?rest_route=\/wp\/v2\/types\/page"}],"author":[{"embeddable":true,"href":"https:\/\/ozkurtmobilya.com\/index.php?rest_route=\/wp\/v2\/users\/2"}],"replies":[{"embeddable":true,"href":"https:\/\/ozkurtmobilya.com\/index.php?rest_route=%2Fwp%2Fv2%2Fcomments&post=477"}],"version-history":[{"count":1,"href":"https:\/\/ozkurtmobilya.com\/index.php?rest_route=\/wp\/v2\/pages\/477\/revisions"}],"predecessor-version":[{"id":775,"href":"https:\/\/ozkurtmobilya.com\/index.php?rest_route=\/wp\/v2\/pages\/477\/revisions\/775"}],"wp:attachment":[{"href":"https:\/\/ozkurtmobilya.com\/index.php?rest_route=%2Fwp%2Fv2%2Fmedia&parent=477"}],"curies":[{"name":"wp","href":"https:\/\/api.w.org\/{rel}","templated":true}]}}