{"id":474,"date":"2024-07-16T11:31:36","date_gmt":"2024-07-16T11:31:36","guid":{"rendered":"https:\/\/dummy.xtemos.com\/woodmart2\/furniture2-gutenberg\/?page_id=173"},"modified":"2025-11-11T11:42:48","modified_gmt":"2025-11-11T11:42:48","slug":"contact-us","status":"publish","type":"page","link":"https:\/\/ozkurtmobilya.com\/?page_id=474","title":{"rendered":"\u0130leti\u015fim"},"content":{"rendered":"\n<div id=\"wd-1c9c0f54\" class=\"wp-block-wd-row\">\n<div id=\"wd-ffa703a1\" class=\"wp-block-wd-column\">\n<div id=\"wd-b6cb23dc\" class=\"wp-block-wd-image wd-block-image\"><img loading=\"lazy\" decoding=\"async\" width=\"510\" height=\"511\" class=\"wp-image-694\" src=\"https:\/\/ozkurtmobilya.com\/wp-content\/uploads\/2024\/07\/wd-furniture-contact-us-milano-img.png\" alt=\"\"\/><\/div>\n<\/div>\n\n\n\n<div id=\"wd-772da852\" class=\"wp-block-wd-column wd-align\">\n<p id=\"wd-eb9a2d73\" class=\"wp-block-wd-paragraph\">Bizimle ileti\u015fime ge\u00e7mekten \u00e7ekinmeyin! \u00dcr\u00fcnlerimiz, teslimat s\u00fcre\u00e7lerimiz veya sipari\u015finizle ilgili her t\u00fcrl\u00fc sorunuz i\u00e7in ekibimiz size yard\u0131mc\u0131 olmaktan memnuniyet duyar.<\/p>\n\n\n\n<p id=\"wd-78e77a6e\" class=\"wp-block-wd-paragraph\"><strong>Dr. Hasan Akg\u00fcn Bulvar\u0131, Orta Mahalle No:54<br>Kaynarca \/ Sakarya<br><\/strong><\/p>\n\n\n\n<p id=\"wd-2c596ea9\" class=\"wp-block-wd-paragraph\"><strong>Pazartesi &#8211; Pazar<\/strong> 09:00 &#8211; 19:00<\/p>\n\n\n\n<p id=\"wd-fd39720e\" class=\"wp-block-wd-paragraph\"><strong>emreozkurt1980@gmail.com<br><strong>+90 (535) 987 70 67<\/strong><\/strong><\/p>\n<\/div>\n<\/div>\n\n\n\n<div id=\"wd-fe6185a9\" class=\"wp-block-wd-row\">\n<div id=\"wd-bfbf9c01\" class=\"wp-block-wd-column\">\n<h2 id=\"wd-8a26110f\" class=\"wp-block-wd-title title\">\u0130leti\u015fime ge\u00e7<\/h2>\n\n\n<div id=\"wd-abda8597\" class=\"\">\n<div class=\"wpcf7 no-js\" id=\"wpcf7-f701-o1\" lang=\"en-US\" dir=\"ltr\" data-wpcf7-id=\"701\">\n<div class=\"screen-reader-response\"><p role=\"status\" aria-live=\"polite\" aria-atomic=\"true\"><\/p> <ul><\/ul><\/div>\n<form action=\"\/index.php?rest_route=%2Fwp%2Fv2%2Fpages%2F474#wpcf7-f701-o1\" method=\"post\" class=\"wpcf7-form init\" aria-label=\"Contact form\" novalidate=\"novalidate\" data-status=\"init\">\n<fieldset class=\"hidden-fields-container\"><input type=\"hidden\" name=\"_wpcf7\" value=\"701\" \/><input type=\"hidden\" name=\"_wpcf7_version\" value=\"6.1.4\" \/><input type=\"hidden\" name=\"_wpcf7_locale\" value=\"en_US\" \/><input type=\"hidden\" name=\"_wpcf7_unit_tag\" value=\"wpcf7-f701-o1\" \/><input type=\"hidden\" name=\"_wpcf7_container_post\" value=\"0\" \/><input type=\"hidden\" name=\"_wpcf7_posted_data_hash\" value=\"\" \/>\n<\/fieldset>\n<div class=\"wd-grid-g\">\n\t<p class=\"wd-col\"><span class=\"wpcf7-form-control-wrap\" data-name=\"Name\"><input size=\"40\" maxlength=\"400\" class=\"wpcf7-form-control wpcf7-text wpcf7-validates-as-required\" aria-required=\"true\" aria-invalid=\"false\" placeholder=\"\u0130sim\" value=\"\" type=\"text\" name=\"Name\" \/><\/span>\n\t<\/p>\n\t<p class=\"wd-col\"><span class=\"wpcf7-form-control-wrap\" data-name=\"Email\"><input size=\"40\" maxlength=\"400\" class=\"wpcf7-form-control wpcf7-text wpcf7-validates-as-required\" aria-required=\"true\" aria-invalid=\"false\" placeholder=\"Email Adres\" value=\"\" type=\"text\" name=\"Email\" \/><\/span>\n\t<\/p>\n\t<p class=\"wd-col\"><span class=\"wpcf7-form-control-wrap\" data-name=\"your-message\"><textarea cols=\"40\" rows=\"10\" maxlength=\"2000\" class=\"wpcf7-form-control wpcf7-textarea\" aria-invalid=\"false\" placeholder=\"Mesaj\u0131n\u0131z\" name=\"your-message\"><\/textarea><\/span>\n\t<\/p>\n\t<p class=\"wd-col\"><input class=\"wpcf7-form-control wpcf7-submit has-spinner btn btn-color-primary\" type=\"submit\" value=\"G\u00f6nder\" \/>\n\t<\/p>\n<\/div><div class=\"wpcf7-response-output\" aria-hidden=\"true\"><\/div>\n<\/form>\n<\/div>\n<\/div><\/div>\n\n\n\n<div id=\"wd-c30eba3f\" class=\"wp-block-wd-column\">\n<h2 id=\"wd-460a6bf0\" class=\"wp-block-wd-title title\">Frequently asked questions<\/h2>\n\n\n\n<div id=\"wd-68680b77\" class=\"wp-block-wd-accordion wd-accordion wd-style-default wd-titles-start wd-opener-style-arrow wd-opener-pos-end\" data-state=\"all\">\n<div id=\"wd-71f6c4c2\" class=\"wp-block-wd-accordion-pane wd-accordion-item\"><div class=\"wd-accordion-title wd-role-btn\" tabindex=\"0\"><div class=\"wd-accordion-title-text\"><span>\u00dcr\u00fcnlerinizi nerede g\u00f6rebilirim?<\/span><\/div><span class=\"wd-accordion-opener\"><\/span><\/div><div class=\"wd-accordion-content\"><div class=\"wd-accordion-content-inner\">\n<p id=\"wd-952960ed\" class=\"wp-block-wd-paragraph\">\u00dcr\u00fcnlerimizi www.ozkurtmobilya.com adresimizden inceleyebilir veya <strong>Kaynarca \/ Sakarya<\/strong>\u2019daki ma\u011fazam\u0131z\u0131 ziyaret edebilirsiniz.<br>Adres: <strong>Dr. Hasan Akg\u00fcn Bulvar\u0131, Orta Mahalle No:54, Kaynarca \/ Sakarya<\/strong><\/p>\n<\/div><\/div><\/div>\n\n\n\n<div id=\"wd-aa6233fc\" class=\"wp-block-wd-accordion-pane wd-accordion-item\"><div class=\"wd-accordion-title wd-role-btn\" tabindex=\"0\"><div class=\"wd-accordion-title-text\"><span>Teslimat s\u00fcresi ne kadar s\u00fcr\u00fcyor?<\/span><\/div><span class=\"wd-accordion-opener\"><\/span><\/div><div class=\"wd-accordion-content\"><div class=\"wd-accordion-content-inner\">\n<p id=\"wd-b174e10c\" class=\"wp-block-wd-paragraph\">Stokta bulunan \u00fcr\u00fcnler <strong>3-7 i\u015f g\u00fcn\u00fc<\/strong> i\u00e7inde teslim edilir.<br>\u00d6zel \u00fcretim veya sipari\u015f \u00fczerine yap\u0131lan mobilyalar i\u00e7in \u00fcretim s\u00fcresi <strong>10-30 i\u015f g\u00fcn\u00fc<\/strong> aras\u0131nda de\u011fi\u015febilir.<\/p>\n<\/div><\/div><\/div>\n\n\n\n<div id=\"wd-96692358\" class=\"wp-block-wd-accordion-pane wd-accordion-item\"><div class=\"wd-accordion-title wd-role-btn\" tabindex=\"0\"><div class=\"wd-accordion-title-text\"><span>\u00dcr\u00fcn\u00fc iade edebilir miyim?<\/span><\/div><span class=\"wd-accordion-opener\"><\/span><\/div><div class=\"wd-accordion-content\"><div class=\"wd-accordion-content-inner\">\n<p id=\"wd-da1e1060\" class=\"wp-block-wd-paragraph\">Evet, 14 g\u00fcn i\u00e7inde iade hakk\u0131n\u0131z bulunmaktad\u0131r. \u0130ade edilecek \u00fcr\u00fcn\u00fcn kullan\u0131lmam\u0131\u015f, orijinal ambalaj\u0131nda ve hasars\u0131z olmas\u0131 gerekmektedir. \u0130ade s\u00fcreciyle ilgili detayl\u0131 bilgi i\u00e7in <a href=\"https:\/\/ozkurtmobilya.com\/?page_id=1348\" data-type=\"link\" data-id=\"https:\/\/ozkurtmobilya.com\/?page_id=1348\">Teslimat ve \u0130ade<\/a> sayfam\u0131z\u0131 ziyaret edebilirsiniz.<\/p>\n<\/div><\/div><\/div>\n\n\n\n<div id=\"wd-b8f0204c\" class=\"wp-block-wd-accordion-pane wd-accordion-item\"><div class=\"wd-accordion-title wd-role-btn\" tabindex=\"0\"><div class=\"wd-accordion-title-text\"><span>Hangi \u00f6deme y\u00f6ntemlerini kabul ediyorsunuz?<\/span><\/div><span class=\"wd-accordion-opener\"><\/span><\/div><div class=\"wd-accordion-content\"><div class=\"wd-accordion-content-inner\">\n<p id=\"wd-e801d816\" class=\"wp-block-wd-paragraph\"><\/p>\n\n\n\n<p id=\"wd-8baa4285\" class=\"wp-block-wd-paragraph\">Kredi kart\u0131 ve banka havalesi se\u00e7enekleri sunmaktay\u0131z.<br>Taksit imk\u00e2nlar\u0131 da bankalara g\u00f6re de\u011fi\u015fiklik g\u00f6stermektedir.<\/p>\n<\/div><\/div><\/div>\n\n\n\n<div id=\"wd-c026c89e\" class=\"wp-block-wd-accordion-pane wd-accordion-item\"><div class=\"wd-accordion-title wd-role-btn\" tabindex=\"0\"><div class=\"wd-accordion-title-text\"><span>\u00d6zel \u00f6l\u00e7\u00fc veya tasar\u0131m yapt\u0131rabilir miyim?<\/span><\/div><span class=\"wd-accordion-opener\"><\/span><\/div><div class=\"wd-accordion-content\"><div class=\"wd-accordion-content-inner\">\n<p id=\"wd-18c50c03\" class=\"wp-block-wd-paragraph\">Evet, diledi\u011finiz \u00f6l\u00e7\u00fc ve renk se\u00e7eneklerine g\u00f6re <strong>\u00f6zel \u00fcretim<\/strong> yap\u0131labilir.<br>Bu hizmetten yararlanmak i\u00e7in bizimle ileti\u015fime ge\u00e7ebilirsiniz.<\/p>\n<\/div><\/div><\/div>\n<\/div>\n<\/div>\n<\/div>\n\n\n\n<div id=\"wd-82acd52d\" class=\"wp-block-wd-collapsible-content wd-effect-fade\">\n<div id=\"wd-10318e3b\" class=\"wp-block-wd-container wd-dir-col\"><\/div>\n<\/div>\n\n\n\n<p><\/p>\n","protected":false},"excerpt":{"rendered":"","protected":false},"author":2,"featured_media":0,"parent":0,"menu_order":0,"comment_status":"closed","ping_status":"closed","template":"","meta":{"_uag_custom_page_level_css":"","footnotes":""},"class_list":["post-474","page","type-page","status-publish","hentry"],"uagb_featured_image_src":{"full":false,"thumbnail":false,"medium":false,"medium_large":false,"large":false,"1536x1536":false,"2048x2048":false,"woocommerce_thumbnail":false,"woocommerce_single":false,"woocommerce_gallery_thumbnail":false},"uagb_author_info":{"display_name":"mehmet ali akbay","author_link":"https:\/\/ozkurtmobilya.com\/?author=2"},"uagb_comment_info":0,"uagb_excerpt":null,"_links":{"self":[{"href":"https:\/\/ozkurtmobilya.com\/index.php?rest_route=\/wp\/v2\/pages\/474","targetHints":{"allow":["GET"]}}],"collection":[{"href":"https:\/\/ozkurtmobilya.com\/index.php?rest_route=\/wp\/v2\/pages"}],"about":[{"href":"https:\/\/ozkurtmobilya.com\/index.php?rest_route=\/wp\/v2\/types\/page"}],"author":[{"embeddable":true,"href":"https:\/\/ozkurtmobilya.com\/index.php?rest_route=\/wp\/v2\/users\/2"}],"replies":[{"embeddable":true,"href":"https:\/\/ozkurtmobilya.com\/index.php?rest_route=%2Fwp%2Fv2%2Fcomments&post=474"}],"version-history":[{"count":3,"href":"https:\/\/ozkurtmobilya.com\/index.php?rest_route=\/wp\/v2\/pages\/474\/revisions"}],"predecessor-version":[{"id":1362,"href":"https:\/\/ozkurtmobilya.com\/index.php?rest_route=\/wp\/v2\/pages\/474\/revisions\/1362"}],"wp:attachment":[{"href":"https:\/\/ozkurtmobilya.com\/index.php?rest_route=%2Fwp%2Fv2%2Fmedia&parent=474"}],"curies":[{"name":"wp","href":"https:\/\/api.w.org\/{rel}","templated":true}]}}