{"id":472,"date":"2024-07-16T11:30:37","date_gmt":"2024-07-16T11:30:37","guid":{"rendered":"https:\/\/dummy.xtemos.com\/woodmart2\/furniture2-gutenberg\/?page_id=169"},"modified":"2025-10-29T14:16:58","modified_gmt":"2025-10-29T14:16:58","slug":"hakkimizda","status":"publish","type":"page","link":"https:\/\/ozkurtmobilya.com\/?page_id=472","title":{"rendered":"Hakk\u0131m\u0131zda"},"content":{"rendered":"\n<div id=\"wd-9b442b37\" class=\"wp-block-wd-row\">\n<div id=\"wd-0e815848\" class=\"wp-block-wd-column\">\n<div id=\"wd-8c3cd043\" class=\"wp-block-wd-gallery wd-grid-g wd-caption-mask\" style=\"--wd-col-lg:2;--wd-col-md:2;--wd-col-sm:2;--wd-gap-lg:20px;--wd-gap-sm: 10px;\">\n<div id=\"wd-6e439fc9\" class=\"wp-block-wd-gallery-item wd-col photoswipe-images\"><div class=\"wd-block-image\"><a href=\"https:\/\/ozkurtmobilya.com\/wp-content\/uploads\/2024\/07\/wd-furniture-about-us-img-1-opt.jpg\" data-width=\"460\" data-height=\"520\" data-elementor-open-lightbox=\"no\"><img loading=\"lazy\" decoding=\"async\" width=\"460\" height=\"520\" class=\"wp-image-590\" src=\"https:\/\/ozkurtmobilya.com\/wp-content\/uploads\/2024\/07\/wd-furniture-about-us-img-1-opt.jpg\" alt=\"\"\/><\/a><\/div><\/div>\n\n\n\n<div id=\"wd-87abfb5b\" class=\"wp-block-wd-gallery-item wd-col photoswipe-images\"><div class=\"wd-block-image\"><a href=\"https:\/\/ozkurtmobilya.com\/wp-content\/uploads\/2024\/07\/wd-furniture-about-us-img-2-opt.jpg\" data-width=\"460\" data-height=\"520\" data-elementor-open-lightbox=\"no\"><img loading=\"lazy\" decoding=\"async\" width=\"460\" height=\"520\" class=\"wp-image-589\" src=\"https:\/\/ozkurtmobilya.com\/wp-content\/uploads\/2024\/07\/wd-furniture-about-us-img-2-opt.jpg\" alt=\"\"\/><\/a><\/div><\/div>\n<\/div>\n<\/div>\n\n\n\n<div id=\"wd-1fb546e2\" class=\"wp-block-wd-column\">\n<h2 id=\"wd-1b6e5d5e\" class=\"wp-block-wd-title title\">\u00d6zkurt Mobilya &#8211; Evinize De\u011fer Katan Dokunu\u015f<\/h2>\n\n\n\n<p id=\"wd-8bb501c2\" class=\"wp-block-wd-paragraph\">\u00d6zkurt Mobilya&#8217;ya ho\u015f geldiniz.<\/p>\n\n\n\n<p id=\"wd-f85b4f38\" class=\"wp-block-wd-paragraph\">Bizler, ya\u015fam alanlar\u0131n\u0131z\u0131 daha konforlu, estetik ve fonksiyonel hale getirme tutkusuyla bir araya gelmi\u015f bir ekibiz. \u00d6zkurt Mobilya olarak, modern d\u00fcnyan\u0131n h\u0131z\u0131na ayak uydururken, kaliteden ve zanaattan \u00f6d\u00fcn vermeyen bir anlay\u0131\u015fla yola \u00e7\u0131kt\u0131k.<\/p>\n\n\n\n<p id=\"wd-f957a996\" class=\"wp-block-wd-paragraph\"><strong>Misyonumuz<\/strong> Misyonumuz, en kaliteli malzemeleri yenilik\u00e7i tasar\u0131mlarla birle\u015ftirerek, her b\u00fct\u00e7eye ve zevke uygun, uzun \u00f6m\u00fcrl\u00fc mobilyalar\u0131 m\u00fc\u015fterilerimizle bulu\u015fturmakt\u0131r. Evinizin her k\u00f6\u015fesinin, sizin tarz\u0131n\u0131z\u0131 ve ki\u015fili\u011finizi yans\u0131tmas\u0131 gerekti\u011fine inan\u0131yoruz.<\/p>\n\n\n\n<p id=\"wd-695ea99c\" class=\"wp-block-wd-paragraph\"><strong>Vizyonumuz<\/strong> Online mobilya al\u0131\u015fveri\u015finde, kalitenin, g\u00fcvenli al\u0131\u015fveri\u015fin ve \u00fcst\u00fcn m\u00fc\u015fteri hizmetinin adresi olmak. Sekt\u00f6rdeki yenilikleri takip ederek, koleksiyonlar\u0131m\u0131z\u0131 s\u00fcrekli g\u00fcncel tutmak ve T\u00fcrkiye&#8217;nin d\u00f6rt bir yan\u0131ndaki evlere \u00d6zkurt Mobilya kalitesini ta\u015f\u0131mak en b\u00fcy\u00fck hedefimizdir.<\/p>\n<\/div>\n<\/div>\n\n\n\n<div id=\"wd-85477467\" class=\"wp-block-wd-collapsible-content wd-effect-fade\">\n<div id=\"wd-b1427a8f\" class=\"wp-block-wd-container wd-dir-col\">\n<p id=\"wd-35211571\" class=\"wp-block-wd-paragraph\"><strong>Neden \u00d6zkurt Mobilya?<\/strong><\/p>\n\n\n\n<ul class=\"wp-block-list\">\n<li><strong>Kalite Garantisi:<\/strong> \u00dcr\u00fcnlerimizde sadece dayan\u0131kl\u0131l\u0131\u011f\u0131 ve esteti\u011fi kan\u0131tlanm\u0131\u015f, y\u00fcksek standartl\u0131 malzemeler kullan\u0131r\u0131z.<\/li>\n\n\n\n<li><strong>M\u00fc\u015fteri Odakl\u0131l\u0131k:<\/strong> Al\u0131\u015fveri\u015finizin her a\u015famas\u0131nda (sipari\u015f \u00f6ncesi, s\u0131ras\u0131 ve sonras\u0131) size destek olmak i\u00e7in buraday\u0131z. Sizin mutlulu\u011funuz, bizim \u00f6nceli\u011fimizdir.<\/li>\n\n\n\n<li><strong>G\u00fcvenli Al\u0131\u015fveri\u015f:<\/strong> E-ticaret sitemiz, en g\u00fcncel g\u00fcvenlik protokolleri ile korunmakta olup, ki\u015fisel bilgilerinizin gizlili\u011fine en \u00fcst d\u00fczeyde \u00f6nem vermekteyiz.<\/li>\n<\/ul>\n\n\n\n<p>\u00d6zkurt Mobilya ailesi olarak, hayalinizdeki evi yaratma yolculu\u011funuzda size e\u015flik etmekten mutluluk duyar\u0131z.<\/p>\n<\/div>\n\n\n\n<a id=\"wd-ae199758\" class=\"wp-block-wd-button btn btn-style-link btn-color-primary btn-size-default\" href=\"#\"><span>Devam\u0131<\/span><\/a>\n<\/div>\n","protected":false},"excerpt":{"rendered":"","protected":false},"author":2,"featured_media":0,"parent":0,"menu_order":0,"comment_status":"closed","ping_status":"closed","template":"","meta":{"_uag_custom_page_level_css":"","footnotes":""},"class_list":["post-472","page","type-page","status-publish","hentry"],"uagb_featured_image_src":{"full":false,"thumbnail":false,"medium":false,"medium_large":false,"large":false,"1536x1536":false,"2048x2048":false,"woocommerce_thumbnail":false,"woocommerce_single":false,"woocommerce_gallery_thumbnail":false},"uagb_author_info":{"display_name":"mehmet ali akbay","author_link":"https:\/\/ozkurtmobilya.com\/?author=2"},"uagb_comment_info":0,"uagb_excerpt":null,"_links":{"self":[{"href":"https:\/\/ozkurtmobilya.com\/index.php?rest_route=\/wp\/v2\/pages\/472","targetHints":{"allow":["GET"]}}],"collection":[{"href":"https:\/\/ozkurtmobilya.com\/index.php?rest_route=\/wp\/v2\/pages"}],"about":[{"href":"https:\/\/ozkurtmobilya.com\/index.php?rest_route=\/wp\/v2\/types\/page"}],"author":[{"embeddable":true,"href":"https:\/\/ozkurtmobilya.com\/index.php?rest_route=\/wp\/v2\/users\/2"}],"replies":[{"embeddable":true,"href":"https:\/\/ozkurtmobilya.com\/index.php?rest_route=%2Fwp%2Fv2%2Fcomments&post=472"}],"version-history":[{"count":4,"href":"https:\/\/ozkurtmobilya.com\/index.php?rest_route=\/wp\/v2\/pages\/472\/revisions"}],"predecessor-version":[{"id":1340,"href":"https:\/\/ozkurtmobilya.com\/index.php?rest_route=\/wp\/v2\/pages\/472\/revisions\/1340"}],"wp:attachment":[{"href":"https:\/\/ozkurtmobilya.com\/index.php?rest_route=%2Fwp%2Fv2%2Fmedia&parent=472"}],"curies":[{"name":"wp","href":"https:\/\/api.w.org\/{rel}","templated":true}]}}